{"id":4676,"date":"2020-06-27T22:48:53","date_gmt":"2020-06-27T22:48:53","guid":{"rendered":"https:\/\/eyeharp.org\/?page_id=4676"},"modified":"2024-12-02T18:03:34","modified_gmt":"2024-12-02T18:03:34","slug":"music-therapists","status":"publish","type":"page","link":"https:\/\/eyeharp.org\/es\/music-therapists\/","title":{"rendered":"Musicoterapeutas"},"content":{"rendered":"\t\t<div data-elementor-type=\"wp-page\" data-elementor-id=\"4676\" class=\"elementor elementor-4676 elementor-4633\" data-elementor-post-type=\"page\">\n\t\t\t\t\t\t<section class=\"elementor-section elementor-top-section elementor-element elementor-element-847e86c elementor-section-boxed elementor-section-gap-beside-yes elementor-section-height-default elementor-section-height-default elementor-section-column-vertical-align-stretch\" data-id=\"847e86c\" data-element_type=\"section\" data-e-type=\"section\">\n\t\t\t\t\t\t<div class=\"elementor-container elementor-column-gap-extended\">\n\t\t\t\t\t<div class=\"elementor-column elementor-col-100 elementor-top-column elementor-element elementor-element-bedffa8\" data-id=\"bedffa8\" data-element_type=\"column\" data-e-type=\"column\">\n\t\t\t<div class=\"elementor-widget-wrap elementor-element-populated\">\n\t\t\t\t\t\t<div class=\"elementor-element elementor-element-de9c61e elementor-widget elementor-widget-tm-heading\" data-id=\"de9c61e\" data-element_type=\"widget\" data-e-type=\"widget\" data-widget_type=\"tm-heading.default\">\n\t\t\t\t<div class=\"elementor-widget-container\">\n\t\t\t\t\t\t\t<div class=\"tm-modern-heading\">\n\t\t\t\n\t\t\t\n\t\t\t\n\t\t\t\t\t<div class=\"heading-description-wrap\">\n\t\t\t<div class=\"heading-description\">\n\t\t\t\t<p>EyeHarp es un instrumento que te abre la puerta a ayudar a un colectivo de personas que hasta ahora no ten\u00edan acceso a la educaci\u00f3n musical. Con EyeHarp podr\u00e1s ense\u00f1ar m\u00fasica y a tocar un instrumento con sus ojos, a personas con discapacidades tanto f\u00edsicas como intelectuales, ofreciendo un servicio de musicoterapia innovador y revolucionario.<\/p>\t\t\t<\/div>\n\t\t<\/div>\n\t\t\t<\/div>\n\t\t\t\t\t\t<\/div>\n\t\t\t\t<\/div>\n\t\t\t\t\t<\/div>\n\t\t<\/div>\n\t\t\t\t\t<\/div>\n\t\t<\/section>\n\t\t\t\t<section class=\"elementor-section elementor-top-section elementor-element elementor-element-d61edf5 elementor-reverse-tablet elementor-reverse-mobile elementor-section-column-vertical-align-middle elementor-section-boxed elementor-section-gap-beside-yes elementor-section-height-default elementor-section-height-default\" data-id=\"d61edf5\" data-element_type=\"section\" data-e-type=\"section\">\n\t\t\t\t\t\t<div class=\"elementor-container elementor-column-gap-extended\">\n\t\t\t\t\t<div class=\"elementor-column elementor-col-50 elementor-top-column elementor-element elementor-element-0cc76d3\" data-id=\"0cc76d3\" data-element_type=\"column\" data-e-type=\"column\">\n\t\t\t<div class=\"elementor-widget-wrap elementor-element-populated\">\n\t\t\t\t\t\t<section class=\"elementor-section elementor-inner-section elementor-element elementor-element-661f334 elementor-section-content-align-left elementor-section-boxed elementor-section-gap-beside-yes elementor-section-height-default elementor-section-height-default elementor-section-column-vertical-align-stretch\" data-id=\"661f334\" data-element_type=\"section\" data-e-type=\"section\">\n\t\t\t\t\t\t<div class=\"elementor-container elementor-column-gap-extended\">\n\t\t\t\t\t<div class=\"elementor-column elementor-col-100 elementor-inner-column elementor-element elementor-element-f01c8ed elementor-invisible\" data-id=\"f01c8ed\" data-element_type=\"column\" data-e-type=\"column\" data-settings=\"{&quot;animation&quot;:&quot;billyFadeInUp&quot;}\">\n\t\t\t<div class=\"elementor-widget-wrap elementor-element-populated\">\n\t\t\t\t\t\t<div class=\"elementor-element elementor-element-e4ed1ac elementor-invisible elementor-widget elementor-widget-tm-heading\" data-id=\"e4ed1ac\" data-element_type=\"widget\" data-e-type=\"widget\" data-settings=\"{&quot;_animation&quot;:&quot;billyFadeInUp&quot;}\" data-widget_type=\"tm-heading.default\">\n\t\t\t\t<div class=\"elementor-widget-container\">\n\t\t\t\t\t\t\t<div class=\"tm-modern-heading\">\n\t\t\t\t\t<div class=\"heading-secondary-wrap\">\n\t\t\t<h3 class=\"heading-secondary elementor-heading-title\">Advantages <\/h3>\t\t<\/div>\n\t\t\n\t\t\t\n\t\t\t\n\t\t\t\t\t<div class=\"heading-description-wrap\">\n\t\t\t<div class=\"heading-description\">\n\t\t\t\t<p>\u00bfQu\u00e9 ganas incorporando el EyeHarp en tus terapias?<\/p>\t\t\t<\/div>\n\t\t<\/div>\n\t\t\t<\/div>\n\t\t\t\t\t\t<\/div>\n\t\t\t\t<\/div>\n\t\t\t\t<div class=\"elementor-element elementor-element-1745db7 billey-accordion-style-01 elementor-widget elementor-widget-tm-accordion\" data-id=\"1745db7\" data-element_type=\"widget\" data-e-type=\"widget\" data-widget_type=\"tm-accordion.default\">\n\t\t\t\t<div class=\"elementor-widget-container\">\n\t\t\t\t\t\t\t<div class=\"billey-accordion\">\n\t\t\t\t\t\t\t<div class=\"accordion-section\">\n\t\t\t\t\t<div class=\"accordion-header\">\n\t\t\t\t\t\t\t\t\t\t\t\t<div class=\"accordion-title-wrapper\">\n\t\t\t\t\t\t\t<h6 class=\"accordion-title\">Por fin puedes ense\u00f1ar a tocar un instrumento a pacientes con discapacidad severa<\/h6>\t\t\t\t\t\t<\/div>\t\t\t\t\t\t\t\t\t\t\t\t\t<div class=\"accordion-icons\">\n\t\t\t\t\t\t\t\t<span\n\t\t\t\t\t\t\t\t\tclass=\"accordion-icon opened-icon\"><i class=\"fa-light fa-plus\"><\/i><\/span>\n\t\t\t\t\t\t\t\t<span\n\t\t\t\t\t\t\t\t\tclass=\"accordion-icon closed-icon\"><i class=\"fa-light fa-minus\"><\/i><\/span>\n\t\t\t\t\t\t\t<\/div>\n\t\t\t\t\t\t\t\t\t\t\t\t\t\t\t\t\t<\/div>\n\t\t\t\t\t<div class=\"accordion-content\">\n\t\t\t\t\t\t<p>EyeHarp te permite ense\u00f1ar a tocar un instrumento musical a pacientes con afectaciones como par\u00e1lisis cerebral, esclerosis lateral amiotr\u00f3fica, distrofia muscular, amputaci\u00f3n de un miembro superior o lesi\u00f3n de m\u00e9dula espinal. Tambi\u00e9n a personas con discapacidad intelectual.<\/p>\t\t\t\t\t<\/div>\n\t\t\t\t<\/div>\n\t\t\t\t\t\t\t<div class=\"accordion-section\">\n\t\t\t\t\t<div class=\"accordion-header\">\n\t\t\t\t\t\t\t\t\t\t\t\t<div class=\"accordion-title-wrapper\">\n\t\t\t\t\t\t\t<h6 class=\"accordion-title\">Difer\u00e9nciate incorporando la tecnolog\u00eda y la innovaci\u00f3n en tu servicio<\/h6>\t\t\t\t\t\t<\/div>\t\t\t\t\t\t\t\t\t\t\t\t\t<div class=\"accordion-icons\">\n\t\t\t\t\t\t\t\t<span\n\t\t\t\t\t\t\t\t\tclass=\"accordion-icon opened-icon\"><i class=\"fa-light fa-plus\"><\/i><\/span>\n\t\t\t\t\t\t\t\t<span\n\t\t\t\t\t\t\t\t\tclass=\"accordion-icon closed-icon\"><i class=\"fa-light fa-minus\"><\/i><\/span>\n\t\t\t\t\t\t\t<\/div>\n\t\t\t\t\t\t\t\t\t\t\t\t\t\t\t\t\t<\/div>\n\t\t\t\t\t<div class=\"accordion-content\">\n\t\t\t\t\t\t<p>Con EyeHarp incorporas en tus terapias un instrumento innovador y polivalente que te permitir\u00e1 ofrecer un servicio diferente, y complementario a tus terapias actuales.<\/p>\t\t\t\t\t<\/div>\n\t\t\t\t<\/div>\n\t\t\t\t\t\t\t<div class=\"accordion-section\">\n\t\t\t\t\t<div class=\"accordion-header\">\n\t\t\t\t\t\t\t\t\t\t\t\t<div class=\"accordion-title-wrapper\">\n\t\t\t\t\t\t\t<h6 class=\"accordion-title\">Adapta los terapias mejor a cada paciente<\/h6>\t\t\t\t\t\t<\/div>\t\t\t\t\t\t\t\t\t\t\t\t\t<div class=\"accordion-icons\">\n\t\t\t\t\t\t\t\t<span\n\t\t\t\t\t\t\t\t\tclass=\"accordion-icon opened-icon\"><i class=\"fa-light fa-plus\"><\/i><\/span>\n\t\t\t\t\t\t\t\t<span\n\t\t\t\t\t\t\t\t\tclass=\"accordion-icon closed-icon\"><i class=\"fa-light fa-minus\"><\/i><\/span>\n\t\t\t\t\t\t\t<\/div>\n\t\t\t\t\t\t\t\t\t\t\t\t\t\t\t\t\t<\/div>\n\t\t\t\t\t<div class=\"accordion-content\">\n\t\t\t\t\t\t<p>Podr\u00e1s cambiar la configuraci\u00f3n de EyeHarp y adaptarlo al nivel de conocimiento y a las capacidades de cada alumno, ofreciendo as\u00ed una experiencia musical satisfactoria, en la que el alumno siente que aprende y progresa.<\/p>\t\t\t\t\t<\/div>\n\t\t\t\t<\/div>\n\t\t\t\t\t\t\t<div class=\"accordion-section\">\n\t\t\t\t\t<div class=\"accordion-header\">\n\t\t\t\t\t\t\t\t\t\t\t\t<div class=\"accordion-title-wrapper\">\n\t\t\t\t\t\t\t<h6 class=\"accordion-title\">Aprende c\u00f3mo sacar el m\u00e1ximo partido a EyeHarp<\/h6>\t\t\t\t\t\t<\/div>\t\t\t\t\t\t\t\t\t\t\t\t\t<div class=\"accordion-icons\">\n\t\t\t\t\t\t\t\t<span\n\t\t\t\t\t\t\t\t\tclass=\"accordion-icon opened-icon\"><i class=\"fa-light fa-plus\"><\/i><\/span>\n\t\t\t\t\t\t\t\t<span\n\t\t\t\t\t\t\t\t\tclass=\"accordion-icon closed-icon\"><i class=\"fa-light fa-minus\"><\/i><\/span>\n\t\t\t\t\t\t\t<\/div>\n\t\t\t\t\t\t\t\t\t\t\t\t\t\t\t\t\t<\/div>\n\t\t\t\t\t<div class=\"accordion-content\">\n\t\t\t\t\t\t<p>Te ofrecemos materiales audiovisuales para que aprendas c\u00f3mo usar EyeHarp. As\u00ed mismo, ofrecemos clases presenciales en Barcelona, webinars online en directo y tambi\u00e9n clases particulares en diversos idiomas, para que aprendas a extraer el m\u00e1ximo partido al instrumento musical.<\/p>\t\t\t\t\t<\/div>\n\t\t\t\t<\/div>\n\t\t\t\t\t<\/div>\n\t\t\t\t\t\t<\/div>\n\t\t\t\t<\/div>\n\t\t\t\t\t<\/div>\n\t\t<\/div>\n\t\t\t\t\t<\/div>\n\t\t<\/section>\n\t\t\t\t\t<\/div>\n\t\t<\/div>\n\t\t\t\t<div class=\"elementor-column elementor-col-50 elementor-top-column elementor-element elementor-element-9936fe2\" data-id=\"9936fe2\" data-element_type=\"column\" data-e-type=\"column\">\n\t\t\t<div class=\"elementor-widget-wrap elementor-element-populated\">\n\t\t\t\t\t\t<div class=\"elementor-element elementor-element-098d9af elementor-widget__width-initial elementor-absolute elementor-widget-mobile__width-initial animated-slow elementor-invisible elementor-widget elementor-widget-image\" data-id=\"098d9af\" data-element_type=\"widget\" data-e-type=\"widget\" data-settings=\"{&quot;_animation&quot;:&quot;billyFadeInUp&quot;,&quot;_position&quot;:&quot;absolute&quot;,&quot;motion_fx_motion_fx_mouse&quot;:&quot;yes&quot;,&quot;motion_fx_mouseTrack_effect&quot;:&quot;yes&quot;,&quot;motion_fx_mouseTrack_direction&quot;:&quot;negative&quot;,&quot;motion_fx_mouseTrack_speed&quot;:{&quot;unit&quot;:&quot;px&quot;,&quot;size&quot;:1,&quot;sizes&quot;:[]}}\" data-widget_type=\"image.default\">\n\t\t\t\t<div class=\"elementor-widget-container\">\n\t\t\t\t\t\t\t\t\t\t\t\t\t\t\t<img fetchpriority=\"high\" decoding=\"async\" width=\"431\" height=\"431\" src=\"https:\/\/eyeharp.org\/wp-content\/uploads\/2020\/05\/home-inspirational-creations-hero-bg-shape-05-new.png\" class=\"attachment-full size-full wp-image-4719\" alt=\"\" srcset=\"https:\/\/eyeharp.org\/wp-content\/uploads\/2020\/05\/home-inspirational-creations-hero-bg-shape-05-new.png 431w, https:\/\/eyeharp.org\/wp-content\/uploads\/2020\/05\/home-inspirational-creations-hero-bg-shape-05-new-300x300.png 300w, https:\/\/eyeharp.org\/wp-content\/uploads\/2020\/05\/home-inspirational-creations-hero-bg-shape-05-new-150x150.png 150w\" sizes=\"(max-width: 431px) 100vw, 431px\" \/>\t\t\t\t\t\t\t\t\t\t\t\t\t\t\t<\/div>\n\t\t\t\t<\/div>\n\t\t\t\t<div class=\"elementor-element elementor-element-33a8292 elementor-invisible elementor-widget elementor-widget-image\" data-id=\"33a8292\" data-element_type=\"widget\" data-e-type=\"widget\" data-settings=\"{&quot;_animation&quot;:&quot;billyFadeInUp&quot;}\" data-widget_type=\"image.default\">\n\t\t\t\t<div class=\"elementor-widget-container\">\n\t\t\t\t\t\t\t\t\t\t\t\t\t\t\t<img decoding=\"async\" width=\"1200\" height=\"600\" src=\"https:\/\/eyeharp.org\/wp-content\/uploads\/2020\/04\/20181001_200934-hor.jpg\" class=\"attachment-full size-full wp-image-4669\" alt=\"\" srcset=\"https:\/\/eyeharp.org\/wp-content\/uploads\/2020\/04\/20181001_200934-hor.jpg 1200w, https:\/\/eyeharp.org\/wp-content\/uploads\/2020\/04\/20181001_200934-hor-300x150.jpg 300w, https:\/\/eyeharp.org\/wp-content\/uploads\/2020\/04\/20181001_200934-hor-1024x512.jpg 1024w, https:\/\/eyeharp.org\/wp-content\/uploads\/2020\/04\/20181001_200934-hor-768x384.jpg 768w\" sizes=\"(max-width: 1200px) 100vw, 1200px\" \/>\t\t\t\t\t\t\t\t\t\t\t\t\t\t\t<\/div>\n\t\t\t\t<\/div>\n\t\t\t\t\t<\/div>\n\t\t<\/div>\n\t\t\t\t\t<\/div>\n\t\t<\/section>\n\t\t\t\t<\/div>\n\t\t","protected":false},"excerpt":{"rendered":"<p>EyeHarp es un instrumento que te abre la puerta a ayudar a un colectivo de personas que hasta ahora no ten\u00edan acceso a la educaci\u00f3n musical. Con EyeHarp podr\u00e1s ense\u00f1ar m\u00fasica y a tocar un instrumento con sus ojos, a personas con discapacidades tanto f\u00edsicas como intelectuales, ofreciendo un servicio de musicoterapia innovador y revolucionario. Advantages \u00bfQu\u00e9 ganas incorporando el EyeHarp en tus terapias? Por fin puedes ense\u00f1ar a tocar un instrumento a pacientes con discapacidad severa EyeHarp te permite ense\u00f1ar a tocar un instrumento musical a pacientes con afectaciones como par\u00e1lisis cerebral, esclerosis lateral amiotr\u00f3fica, distrofia muscular, amputaci\u00f3n de un miembro superior o lesi\u00f3n de m\u00e9dula espinal. Tambi\u00e9n a personas con discapacidad intelectual. Difer\u00e9nciate incorporando la tecnolog\u00eda y la innovaci\u00f3n en tu servicio Con EyeHarp incorporas en tus terapias un instrumento innovador y polivalente que te permitir\u00e1 ofrecer un servicio diferente, y complementario a tus terapias actuales. Adapta los terapias mejor a cada paciente Podr\u00e1s cambiar la configuraci\u00f3n de EyeHarp y adaptarlo al nivel de conocimiento y a las capacidades de cada alumno, ofreciendo as\u00ed una experiencia musical satisfactoria, en la que el alumno siente que aprende y progresa. Aprende c\u00f3mo sacar el m\u00e1ximo partido a EyeHarp Te ofrecemos materiales audiovisuales para que aprendas c\u00f3mo usar EyeHarp. As\u00ed mismo, ofrecemos clases presenciales en Barcelona, webinars online en directo y tambi\u00e9n clases particulares en diversos idiomas, para que aprendas a extraer el m\u00e1ximo partido al instrumento musical.<\/p>\n","protected":false},"author":1,"featured_media":0,"parent":0,"menu_order":0,"comment_status":"closed","ping_status":"closed","template":"","meta":{"footnotes":""},"class_list":["post-4676","page","type-page","status-publish","hentry","post-no-thumbnail"],"yoast_head":"<!-- This site is optimized with the Yoast SEO plugin v27.3 - https:\/\/yoast.com\/product\/yoast-seo-wordpress\/ -->\n<title>Musicoterapeutas - EyeHarp<\/title>\n<meta name=\"robots\" content=\"index, follow, max-snippet:-1, max-image-preview:large, max-video-preview:-1\" \/>\n<link rel=\"canonical\" href=\"https:\/\/eyeharp.org\/es\/music-therapists\/\" \/>\n<meta property=\"og:locale\" content=\"es_ES\" \/>\n<meta property=\"og:type\" content=\"article\" \/>\n<meta property=\"og:title\" content=\"Musicoterapeutas - EyeHarp\" \/>\n<meta property=\"og:description\" content=\"EyeHarp es un instrumento que te abre la puerta a ayudar a un colectivo de personas que hasta ahora no ten\u00edan acceso a la educaci\u00f3n musical. Con EyeHarp podr\u00e1s ense\u00f1ar m\u00fasica y a tocar un instrumento con sus ojos, a personas con discapacidades tanto f\u00edsicas como intelectuales, ofreciendo un servicio de musicoterapia innovador y revolucionario. Advantages \u00bfQu\u00e9 ganas incorporando el EyeHarp en tus terapias? Por fin puedes ense\u00f1ar a tocar un instrumento a pacientes con discapacidad severa EyeHarp te permite ense\u00f1ar a tocar un instrumento musical a pacientes con afectaciones como par\u00e1lisis cerebral, esclerosis lateral amiotr\u00f3fica, distrofia muscular, amputaci\u00f3n de un miembro superior o lesi\u00f3n de m\u00e9dula espinal. Tambi\u00e9n a personas con discapacidad intelectual. Difer\u00e9nciate incorporando la tecnolog\u00eda y la innovaci\u00f3n en tu servicio Con EyeHarp incorporas en tus terapias un instrumento innovador y polivalente que te permitir\u00e1 ofrecer un servicio diferente, y complementario a tus terapias actuales. Adapta los terapias mejor a cada paciente Podr\u00e1s cambiar la configuraci\u00f3n de EyeHarp y adaptarlo al nivel de conocimiento y a las capacidades de cada alumno, ofreciendo as\u00ed una experiencia musical satisfactoria, en la que el alumno siente que aprende y progresa. Aprende c\u00f3mo sacar el m\u00e1ximo partido a EyeHarp Te ofrecemos materiales audiovisuales para que aprendas c\u00f3mo usar EyeHarp. As\u00ed mismo, ofrecemos clases presenciales en Barcelona, webinars online en directo y tambi\u00e9n clases particulares en diversos idiomas, para que aprendas a extraer el m\u00e1ximo partido al instrumento musical.\" \/>\n<meta property=\"og:url\" content=\"https:\/\/eyeharp.org\/es\/music-therapists\/\" \/>\n<meta property=\"og:site_name\" content=\"EyeHarp\" \/>\n<meta property=\"article:publisher\" content=\"https:\/\/www.facebook.com\/eyeharp\/\" \/>\n<meta property=\"article:modified_time\" content=\"2024-12-02T18:03:34+00:00\" \/>\n<meta property=\"og:image\" content=\"https:\/\/eyeharp.org\/wp-content\/uploads\/2020\/05\/home-inspirational-creations-hero-bg-shape-05-new.png\" \/>\n\t<meta property=\"og:image:width\" content=\"431\" \/>\n\t<meta property=\"og:image:height\" content=\"431\" \/>\n\t<meta property=\"og:image:type\" content=\"image\/png\" \/>\n<meta name=\"twitter:card\" content=\"summary_large_image\" \/>\n<meta name=\"twitter:site\" content=\"@theeyeharp\" \/>\n<meta name=\"twitter:label1\" content=\"Tiempo de lectura\" \/>\n\t<meta name=\"twitter:data1\" content=\"2 minutos\" \/>\n<script type=\"application\/ld+json\" class=\"yoast-schema-graph\">{\"@context\":\"https:\\\/\\\/schema.org\",\"@graph\":[{\"@type\":\"WebPage\",\"@id\":\"https:\\\/\\\/eyeharp.org\\\/es\\\/music-therapists\\\/\",\"url\":\"https:\\\/\\\/eyeharp.org\\\/es\\\/music-therapists\\\/\",\"name\":\"Musicoterapeutas - EyeHarp\",\"isPartOf\":{\"@id\":\"https:\\\/\\\/eyeharp.org\\\/#website\"},\"primaryImageOfPage\":{\"@id\":\"https:\\\/\\\/eyeharp.org\\\/es\\\/music-therapists\\\/#primaryimage\"},\"image\":{\"@id\":\"https:\\\/\\\/eyeharp.org\\\/es\\\/music-therapists\\\/#primaryimage\"},\"thumbnailUrl\":\"https:\\\/\\\/eyeharp.org\\\/wp-content\\\/uploads\\\/2020\\\/05\\\/home-inspirational-creations-hero-bg-shape-05-new.png\",\"datePublished\":\"2020-06-27T22:48:53+00:00\",\"dateModified\":\"2024-12-02T18:03:34+00:00\",\"breadcrumb\":{\"@id\":\"https:\\\/\\\/eyeharp.org\\\/es\\\/music-therapists\\\/#breadcrumb\"},\"inLanguage\":\"es\",\"potentialAction\":[{\"@type\":\"ReadAction\",\"target\":[\"https:\\\/\\\/eyeharp.org\\\/es\\\/music-therapists\\\/\"]}]},{\"@type\":\"ImageObject\",\"inLanguage\":\"es\",\"@id\":\"https:\\\/\\\/eyeharp.org\\\/es\\\/music-therapists\\\/#primaryimage\",\"url\":\"https:\\\/\\\/eyeharp.org\\\/wp-content\\\/uploads\\\/2020\\\/05\\\/home-inspirational-creations-hero-bg-shape-05-new.png\",\"contentUrl\":\"https:\\\/\\\/eyeharp.org\\\/wp-content\\\/uploads\\\/2020\\\/05\\\/home-inspirational-creations-hero-bg-shape-05-new.png\"},{\"@type\":\"BreadcrumbList\",\"@id\":\"https:\\\/\\\/eyeharp.org\\\/es\\\/music-therapists\\\/#breadcrumb\",\"itemListElement\":[{\"@type\":\"ListItem\",\"position\":1,\"name\":\"Home\",\"item\":\"https:\\\/\\\/eyeharp.org\\\/es\\\/\"},{\"@type\":\"ListItem\",\"position\":2,\"name\":\"Musicoterapeutas\"}]},{\"@type\":\"WebSite\",\"@id\":\"https:\\\/\\\/eyeharp.org\\\/#website\",\"url\":\"https:\\\/\\\/eyeharp.org\\\/\",\"name\":\"EyeHarp\",\"description\":\"Music of the eyes\",\"publisher\":{\"@id\":\"https:\\\/\\\/eyeharp.org\\\/#organization\"},\"potentialAction\":[{\"@type\":\"SearchAction\",\"target\":{\"@type\":\"EntryPoint\",\"urlTemplate\":\"https:\\\/\\\/eyeharp.org\\\/?s={search_term_string}\"},\"query-input\":{\"@type\":\"PropertyValueSpecification\",\"valueRequired\":true,\"valueName\":\"search_term_string\"}}],\"inLanguage\":\"es\"},{\"@type\":\"Organization\",\"@id\":\"https:\\\/\\\/eyeharp.org\\\/#organization\",\"name\":\"EyeHarp\",\"url\":\"https:\\\/\\\/eyeharp.org\\\/\",\"logo\":{\"@type\":\"ImageObject\",\"inLanguage\":\"es\",\"@id\":\"https:\\\/\\\/eyeharp.org\\\/#\\\/schema\\\/logo\\\/image\\\/\",\"url\":\"https:\\\/\\\/eyeharp.org\\\/wp-content\\\/uploads\\\/2020\\\/04\\\/logo-long.png\",\"contentUrl\":\"https:\\\/\\\/eyeharp.org\\\/wp-content\\\/uploads\\\/2020\\\/04\\\/logo-long.png\",\"width\":400,\"height\":76,\"caption\":\"EyeHarp\"},\"image\":{\"@id\":\"https:\\\/\\\/eyeharp.org\\\/#\\\/schema\\\/logo\\\/image\\\/\"},\"sameAs\":[\"https:\\\/\\\/www.facebook.com\\\/eyeharp\\\/\",\"https:\\\/\\\/x.com\\\/theeyeharp\",\"https:\\\/\\\/www.instagram.com\\\/eyeharp\\\/\",\"https:\\\/\\\/www.youtube.com\\\/channel\\\/UCNp-QT7KwBWpelO5_Z6BDPw\"]}]}<\/script>\n<!-- \/ Yoast SEO plugin. -->","yoast_head_json":{"title":"Musicoterapeutas - EyeHarp","robots":{"index":"index","follow":"follow","max-snippet":"max-snippet:-1","max-image-preview":"max-image-preview:large","max-video-preview":"max-video-preview:-1"},"canonical":"https:\/\/eyeharp.org\/es\/music-therapists\/","og_locale":"es_ES","og_type":"article","og_title":"Musicoterapeutas - EyeHarp","og_description":"EyeHarp es un instrumento que te abre la puerta a ayudar a un colectivo de personas que hasta ahora no ten\u00edan acceso a la educaci\u00f3n musical. Con EyeHarp podr\u00e1s ense\u00f1ar m\u00fasica y a tocar un instrumento con sus ojos, a personas con discapacidades tanto f\u00edsicas como intelectuales, ofreciendo un servicio de musicoterapia innovador y revolucionario. Advantages \u00bfQu\u00e9 ganas incorporando el EyeHarp en tus terapias? Por fin puedes ense\u00f1ar a tocar un instrumento a pacientes con discapacidad severa EyeHarp te permite ense\u00f1ar a tocar un instrumento musical a pacientes con afectaciones como par\u00e1lisis cerebral, esclerosis lateral amiotr\u00f3fica, distrofia muscular, amputaci\u00f3n de un miembro superior o lesi\u00f3n de m\u00e9dula espinal. Tambi\u00e9n a personas con discapacidad intelectual. Difer\u00e9nciate incorporando la tecnolog\u00eda y la innovaci\u00f3n en tu servicio Con EyeHarp incorporas en tus terapias un instrumento innovador y polivalente que te permitir\u00e1 ofrecer un servicio diferente, y complementario a tus terapias actuales. Adapta los terapias mejor a cada paciente Podr\u00e1s cambiar la configuraci\u00f3n de EyeHarp y adaptarlo al nivel de conocimiento y a las capacidades de cada alumno, ofreciendo as\u00ed una experiencia musical satisfactoria, en la que el alumno siente que aprende y progresa. Aprende c\u00f3mo sacar el m\u00e1ximo partido a EyeHarp Te ofrecemos materiales audiovisuales para que aprendas c\u00f3mo usar EyeHarp. As\u00ed mismo, ofrecemos clases presenciales en Barcelona, webinars online en directo y tambi\u00e9n clases particulares en diversos idiomas, para que aprendas a extraer el m\u00e1ximo partido al instrumento musical.","og_url":"https:\/\/eyeharp.org\/es\/music-therapists\/","og_site_name":"EyeHarp","article_publisher":"https:\/\/www.facebook.com\/eyeharp\/","article_modified_time":"2024-12-02T18:03:34+00:00","og_image":[{"width":431,"height":431,"url":"https:\/\/eyeharp.org\/wp-content\/uploads\/2020\/05\/home-inspirational-creations-hero-bg-shape-05-new.png","type":"image\/png"}],"twitter_card":"summary_large_image","twitter_site":"@theeyeharp","twitter_misc":{"Tiempo de lectura":"2 minutos"},"schema":{"@context":"https:\/\/schema.org","@graph":[{"@type":"WebPage","@id":"https:\/\/eyeharp.org\/es\/music-therapists\/","url":"https:\/\/eyeharp.org\/es\/music-therapists\/","name":"Musicoterapeutas - EyeHarp","isPartOf":{"@id":"https:\/\/eyeharp.org\/#website"},"primaryImageOfPage":{"@id":"https:\/\/eyeharp.org\/es\/music-therapists\/#primaryimage"},"image":{"@id":"https:\/\/eyeharp.org\/es\/music-therapists\/#primaryimage"},"thumbnailUrl":"https:\/\/eyeharp.org\/wp-content\/uploads\/2020\/05\/home-inspirational-creations-hero-bg-shape-05-new.png","datePublished":"2020-06-27T22:48:53+00:00","dateModified":"2024-12-02T18:03:34+00:00","breadcrumb":{"@id":"https:\/\/eyeharp.org\/es\/music-therapists\/#breadcrumb"},"inLanguage":"es","potentialAction":[{"@type":"ReadAction","target":["https:\/\/eyeharp.org\/es\/music-therapists\/"]}]},{"@type":"ImageObject","inLanguage":"es","@id":"https:\/\/eyeharp.org\/es\/music-therapists\/#primaryimage","url":"https:\/\/eyeharp.org\/wp-content\/uploads\/2020\/05\/home-inspirational-creations-hero-bg-shape-05-new.png","contentUrl":"https:\/\/eyeharp.org\/wp-content\/uploads\/2020\/05\/home-inspirational-creations-hero-bg-shape-05-new.png"},{"@type":"BreadcrumbList","@id":"https:\/\/eyeharp.org\/es\/music-therapists\/#breadcrumb","itemListElement":[{"@type":"ListItem","position":1,"name":"Home","item":"https:\/\/eyeharp.org\/es\/"},{"@type":"ListItem","position":2,"name":"Musicoterapeutas"}]},{"@type":"WebSite","@id":"https:\/\/eyeharp.org\/#website","url":"https:\/\/eyeharp.org\/","name":"EyeHarp","description":"Music of the eyes","publisher":{"@id":"https:\/\/eyeharp.org\/#organization"},"potentialAction":[{"@type":"SearchAction","target":{"@type":"EntryPoint","urlTemplate":"https:\/\/eyeharp.org\/?s={search_term_string}"},"query-input":{"@type":"PropertyValueSpecification","valueRequired":true,"valueName":"search_term_string"}}],"inLanguage":"es"},{"@type":"Organization","@id":"https:\/\/eyeharp.org\/#organization","name":"EyeHarp","url":"https:\/\/eyeharp.org\/","logo":{"@type":"ImageObject","inLanguage":"es","@id":"https:\/\/eyeharp.org\/#\/schema\/logo\/image\/","url":"https:\/\/eyeharp.org\/wp-content\/uploads\/2020\/04\/logo-long.png","contentUrl":"https:\/\/eyeharp.org\/wp-content\/uploads\/2020\/04\/logo-long.png","width":400,"height":76,"caption":"EyeHarp"},"image":{"@id":"https:\/\/eyeharp.org\/#\/schema\/logo\/image\/"},"sameAs":["https:\/\/www.facebook.com\/eyeharp\/","https:\/\/x.com\/theeyeharp","https:\/\/www.instagram.com\/eyeharp\/","https:\/\/www.youtube.com\/channel\/UCNp-QT7KwBWpelO5_Z6BDPw"]}]}},"_links":{"self":[{"href":"https:\/\/eyeharp.org\/es\/wp-json\/wp\/v2\/pages\/4676","targetHints":{"allow":["GET"]}}],"collection":[{"href":"https:\/\/eyeharp.org\/es\/wp-json\/wp\/v2\/pages"}],"about":[{"href":"https:\/\/eyeharp.org\/es\/wp-json\/wp\/v2\/types\/page"}],"author":[{"embeddable":true,"href":"https:\/\/eyeharp.org\/es\/wp-json\/wp\/v2\/users\/1"}],"replies":[{"embeddable":true,"href":"https:\/\/eyeharp.org\/es\/wp-json\/wp\/v2\/comments?post=4676"}],"version-history":[{"count":58,"href":"https:\/\/eyeharp.org\/es\/wp-json\/wp\/v2\/pages\/4676\/revisions"}],"predecessor-version":[{"id":78144,"href":"https:\/\/eyeharp.org\/es\/wp-json\/wp\/v2\/pages\/4676\/revisions\/78144"}],"wp:attachment":[{"href":"https:\/\/eyeharp.org\/es\/wp-json\/wp\/v2\/media?parent=4676"}],"curies":[{"name":"wp","href":"https:\/\/api.w.org\/{rel}","templated":true}]}}