{"id":4684,"date":"2020-06-27T23:37:31","date_gmt":"2020-06-27T23:37:31","guid":{"rendered":"https:\/\/eyeharp.org\/?page_id=4684"},"modified":"2020-11-02T16:11:58","modified_gmt":"2020-11-02T16:11:58","slug":"que-es-eyeharp","status":"publish","type":"page","link":"https:\/\/eyeharp.org\/es\/que-es-eyeharp\/","title":{"rendered":"Que es EyeHarp"},"content":{"rendered":"\t\t<div data-elementor-type=\"wp-page\" data-elementor-id=\"4684\" class=\"elementor elementor-4684 elementor-4432\" data-elementor-post-type=\"page\">\n\t\t\t\t\t\t<section class=\"elementor-section elementor-top-section elementor-element elementor-element-723ca62 elementor-reverse-tablet elementor-reverse-mobile elementor-section-boxed elementor-section-gap-beside-yes elementor-section-height-default elementor-section-height-default elementor-section-column-vertical-align-stretch\" data-id=\"723ca62\" data-element_type=\"section\" data-e-type=\"section\">\n\t\t\t\t\t\t<div class=\"elementor-container elementor-column-gap-extended\">\n\t\t\t\t\t<div class=\"elementor-column elementor-col-50 elementor-top-column elementor-element elementor-element-a46aa5e\" data-id=\"a46aa5e\" data-element_type=\"column\" data-e-type=\"column\">\n\t\t\t<div class=\"elementor-widget-wrap elementor-element-populated\">\n\t\t\t\t\t\t<div class=\"elementor-element elementor-element-180331c elementor-widget elementor-widget-tm-heading\" data-id=\"180331c\" data-element_type=\"widget\" data-e-type=\"widget\" data-widget_type=\"tm-heading.default\">\n\t\t\t\t<div class=\"elementor-widget-container\">\n\t\t\t\t\t\t\t<div class=\"tm-modern-heading\">\n\t\t\t\n\t\t\t\t\t<div class=\"heading-primary-wrap\">\n\t\t\t<h2 class=\"heading-primary elementor-heading-title\">Sobre <mark>EyeHarp<\/mark><\/h2>\t\t<\/div>\n\t\t\n\t\t\t\n\t\t\t\t\t<div class=\"heading-description-wrap\">\n\t\t\t<div class=\"heading-description\">\n\t\t\t\t<p><span style=\"font-weight: 400\">Eyeharp es un proyecto social que tiene por misi\u00f3n mejorar la calidad de vida de las personas con discapacidad a trav\u00e9s de la m\u00fasica<\/span><\/p><p>La idea del EyeHarp naci\u00f3 en 2010, cuando un amigo m\u00fasico de Zacharias Vamvakousis sufri\u00f3 un grave accidente de moto y en un principio todo indicaba que no podr\u00eda volver a tocar m\u00fasica. En ese momento Zachar\u00edas se percat\u00f3 que no exist\u00eda ning\u00fan instrumento musical para personas con tetraplegia, y comenz\u00f3 a crear el Eyeharp.<\/p><p>Zachar\u00edas, inform\u00e1tico y m\u00fasico, cre\u00f3 el EyeHarp y comenz\u00f3 a dar clases de m\u00fasica con \u00e9l a personas con discapacidad. Esto le permiti\u00f3 mejorarlo d\u00eda a d\u00eda, tanto a nivel de prestaciones, como de accesibilidad y usabilidad.<\/p><p><span style=\"font-weight: 400\">En 2019, Zacharias y los miembros de nuestro equipo fundaron la Asociaci\u00f3n EyeHarp. Como una organizaci\u00f3n sin \u00e1nimo de lucro, podemos trabajar en EyeHarp y desarrollarlo m\u00e1s, as\u00ed como tenerlo disponible al menor costo posible. Creemos que la tecnolog\u00eda de asistencia debe ser accesible para todos, y que el costo tampoco debe ser un obst\u00e1culo para quienes la necesitan. Para apoyar EyeHarp, por favor considere <a href=\"https:\/\/eyeharp.org\/es\/?asp_action=show_pp&amp;product_id=5174\">hacer una donaci\u00f3n<\/a> a nuestra asociaci\u00f3n.<\/span><\/p>\t\t\t<\/div>\n\t\t<\/div>\n\t\t\t<\/div>\n\t\t\t\t\t\t<\/div>\n\t\t\t\t<\/div>\n\t\t\t\t\t<\/div>\n\t\t<\/div>\n\t\t\t\t<div class=\"elementor-column elementor-col-50 elementor-top-column elementor-element elementor-element-9ec9891\" data-id=\"9ec9891\" data-element_type=\"column\" data-e-type=\"column\">\n\t\t\t<div class=\"elementor-widget-wrap elementor-element-populated\">\n\t\t\t\t\t\t<div class=\"elementor-element elementor-element-b8f5a61 elementor-widget__width-auto elementor-absolute elementor-widget elementor-widget-image\" data-id=\"b8f5a61\" data-element_type=\"widget\" data-e-type=\"widget\" data-settings=\"{&quot;_position&quot;:&quot;absolute&quot;}\" data-widget_type=\"image.default\">\n\t\t\t\t<div class=\"elementor-widget-container\">\n\t\t\t\t\t\t\t\t\t\t\t\t\t\t\t<img fetchpriority=\"high\" decoding=\"async\" width=\"405\" height=\"515\" src=\"https:\/\/eyeharp.org\/wp-content\/uploads\/2019\/12\/home-inspirational-creations-tab-about-bg.jpg\" class=\"attachment-full size-full wp-image-75937\" alt=\"\" srcset=\"https:\/\/eyeharp.org\/wp-content\/uploads\/2019\/12\/home-inspirational-creations-tab-about-bg.jpg 405w, https:\/\/eyeharp.org\/wp-content\/uploads\/2019\/12\/home-inspirational-creations-tab-about-bg-236x300.jpg 236w\" sizes=\"(max-width: 405px) 100vw, 405px\" \/>\t\t\t\t\t\t\t\t\t\t\t\t\t\t\t<\/div>\n\t\t\t\t<\/div>\n\t\t\t\t<div class=\"elementor-element elementor-element-aa23052 billey-animation-zoom-in elementor-align-center elementor-widget elementor-widget-tm-popup-video\" data-id=\"aa23052\" data-element_type=\"widget\" data-e-type=\"widget\" data-widget_type=\"tm-popup-video.default\">\n\t\t\t\t<div class=\"elementor-widget-container\">\n\t\t\t\t\t\t\t<div class=\"tm-popup-video type-poster\">\n\t\t\t<a class=\"video-link billey-box link-secret\" href=\"https:\/\/www.youtube.com\/watch?v=BqZUye75RtE\">\n\n\t\t\t\t\t\t\t\t\t\t\t<div class=\"video-poster\">\n\t\t\t<div class=\"billey-image\">\n\t\t\t\t<img decoding=\"async\"  src=\"https:\/\/eyeharp.org\/wp-content\/uploads\/2020\/04\/Screen-Shot-2020-04-12-portrait-2.jpg\" alt=\"Screen-Shot-2020-04-12-portrait-2\" \/>\t\t\t<\/div>\n\n\t\t\t<div class=\"video-overlay\"><\/div>\n\n\t\t\t\t\t<div class=\"video-button\">\n\t\t\t\t\t\t\t<div class=\"video-play video-play-icon\">\n\t\t\t\t\t<span class=\"icon\"><\/span>\n\t\t\t\t<\/div>\n\t\t\t\n\t\t\t\t\t<\/div>\n\t\t\t\t<\/div>\n\n\t\t\t\t\t\t\t\t\n\t\t\t<\/a>\n\t\t<\/div>\n\t\t\t\t\t\t<\/div>\n\t\t\t\t<\/div>\n\t\t\t\t\t<\/div>\n\t\t<\/div>\n\t\t\t\t\t<\/div>\n\t\t<\/section>\n\t\t\t\t<\/div>\n\t\t","protected":false},"excerpt":{"rendered":"<p>Sobre EyeHarp Eyeharp es un proyecto social que tiene por misi\u00f3n mejorar la calidad de vida de las personas con discapacidad a trav\u00e9s de la m\u00fasica La idea del EyeHarp naci\u00f3 en 2010, cuando un amigo m\u00fasico de Zacharias Vamvakousis sufri\u00f3 un grave accidente de moto y en un principio todo indicaba que no podr\u00eda volver a tocar m\u00fasica. En ese momento Zachar\u00edas se percat\u00f3 que no exist\u00eda ning\u00fan instrumento musical para personas con tetraplegia, y comenz\u00f3 a crear el Eyeharp. Zachar\u00edas, inform\u00e1tico y m\u00fasico, cre\u00f3 el EyeHarp y comenz\u00f3 a dar clases de m\u00fasica con \u00e9l a personas con discapacidad. Esto le permiti\u00f3 mejorarlo d\u00eda a d\u00eda, tanto a nivel de prestaciones, como de accesibilidad y usabilidad. En 2019, Zacharias y los miembros de nuestro equipo fundaron la Asociaci\u00f3n EyeHarp. Como una organizaci\u00f3n sin \u00e1nimo de lucro, podemos trabajar en EyeHarp y desarrollarlo m\u00e1s, as\u00ed como tenerlo disponible al menor costo posible. Creemos que la tecnolog\u00eda de asistencia debe ser accesible para todos, y que el costo tampoco debe ser un obst\u00e1culo para quienes la necesitan. Para apoyar EyeHarp, por favor considere hacer una donaci\u00f3n a nuestra asociaci\u00f3n.<\/p>\n","protected":false},"author":1,"featured_media":0,"parent":0,"menu_order":0,"comment_status":"closed","ping_status":"closed","template":"","meta":{"footnotes":""},"class_list":["post-4684","page","type-page","status-publish","hentry","post-no-thumbnail"],"yoast_head":"<!-- This site is optimized with the Yoast SEO plugin v27.4 - https:\/\/yoast.com\/product\/yoast-seo-wordpress\/ -->\n<title>Que es EyeHarp - EyeHarp<\/title>\n<meta name=\"robots\" content=\"index, follow, max-snippet:-1, max-image-preview:large, max-video-preview:-1\" \/>\n<link rel=\"canonical\" href=\"https:\/\/eyeharp.org\/about\/\" \/>\n<meta property=\"og:locale\" content=\"es_ES\" \/>\n<meta property=\"og:type\" content=\"article\" \/>\n<meta property=\"og:title\" content=\"Que es EyeHarp - EyeHarp\" \/>\n<meta property=\"og:description\" content=\"Sobre EyeHarp Eyeharp es un proyecto social que tiene por misi\u00f3n mejorar la calidad de vida de las personas con discapacidad a trav\u00e9s de la m\u00fasica La idea del EyeHarp naci\u00f3 en 2010, cuando un amigo m\u00fasico de Zacharias Vamvakousis sufri\u00f3 un grave accidente de moto y en un principio todo indicaba que no podr\u00eda volver a tocar m\u00fasica. En ese momento Zachar\u00edas se percat\u00f3 que no exist\u00eda ning\u00fan instrumento musical para personas con tetraplegia, y comenz\u00f3 a crear el Eyeharp. Zachar\u00edas, inform\u00e1tico y m\u00fasico, cre\u00f3 el EyeHarp y comenz\u00f3 a dar clases de m\u00fasica con \u00e9l a personas con discapacidad. Esto le permiti\u00f3 mejorarlo d\u00eda a d\u00eda, tanto a nivel de prestaciones, como de accesibilidad y usabilidad. En 2019, Zacharias y los miembros de nuestro equipo fundaron la Asociaci\u00f3n EyeHarp. Como una organizaci\u00f3n sin \u00e1nimo de lucro, podemos trabajar en EyeHarp y desarrollarlo m\u00e1s, as\u00ed como tenerlo disponible al menor costo posible. Creemos que la tecnolog\u00eda de asistencia debe ser accesible para todos, y que el costo tampoco debe ser un obst\u00e1culo para quienes la necesitan. Para apoyar EyeHarp, por favor considere hacer una donaci\u00f3n a nuestra asociaci\u00f3n.\" \/>\n<meta property=\"og:url\" content=\"https:\/\/eyeharp.org\/about\/\" \/>\n<meta property=\"og:site_name\" content=\"EyeHarp\" \/>\n<meta property=\"article:publisher\" content=\"https:\/\/www.facebook.com\/eyeharp\/\" \/>\n<meta property=\"article:modified_time\" content=\"2020-11-02T16:11:58+00:00\" \/>\n<meta property=\"og:image\" content=\"https:\/\/eyeharp.org\/wp-content\/uploads\/2019\/12\/home-inspirational-creations-tab-about-bg.jpg\" \/>\n<meta name=\"twitter:card\" content=\"summary_large_image\" \/>\n<meta name=\"twitter:site\" content=\"@theeyeharp\" \/>\n<meta name=\"twitter:label1\" content=\"Tiempo de lectura\" \/>\n\t<meta name=\"twitter:data1\" content=\"1 minuto\" \/>\n<script type=\"application\/ld+json\" class=\"yoast-schema-graph\">{\"@context\":\"https:\\\/\\\/schema.org\",\"@graph\":[{\"@type\":\"WebPage\",\"@id\":\"https:\\\/\\\/eyeharp.org\\\/about\\\/\",\"url\":\"https:\\\/\\\/eyeharp.org\\\/about\\\/\",\"name\":\"Que es EyeHarp - EyeHarp\",\"isPartOf\":{\"@id\":\"https:\\\/\\\/eyeharp.org\\\/#website\"},\"primaryImageOfPage\":{\"@id\":\"https:\\\/\\\/eyeharp.org\\\/about\\\/#primaryimage\"},\"image\":{\"@id\":\"https:\\\/\\\/eyeharp.org\\\/about\\\/#primaryimage\"},\"thumbnailUrl\":\"https:\\\/\\\/eyeharp.org\\\/wp-content\\\/uploads\\\/2019\\\/12\\\/home-inspirational-creations-tab-about-bg.jpg\",\"datePublished\":\"2020-06-27T23:37:31+00:00\",\"dateModified\":\"2020-11-02T16:11:58+00:00\",\"breadcrumb\":{\"@id\":\"https:\\\/\\\/eyeharp.org\\\/about\\\/#breadcrumb\"},\"inLanguage\":\"es\",\"potentialAction\":[{\"@type\":\"ReadAction\",\"target\":[\"https:\\\/\\\/eyeharp.org\\\/about\\\/\"]}]},{\"@type\":\"ImageObject\",\"inLanguage\":\"es\",\"@id\":\"https:\\\/\\\/eyeharp.org\\\/about\\\/#primaryimage\",\"url\":\"https:\\\/\\\/eyeharp.org\\\/wp-content\\\/uploads\\\/2019\\\/12\\\/home-inspirational-creations-tab-about-bg.jpg\",\"contentUrl\":\"https:\\\/\\\/eyeharp.org\\\/wp-content\\\/uploads\\\/2019\\\/12\\\/home-inspirational-creations-tab-about-bg.jpg\"},{\"@type\":\"BreadcrumbList\",\"@id\":\"https:\\\/\\\/eyeharp.org\\\/about\\\/#breadcrumb\",\"itemListElement\":[{\"@type\":\"ListItem\",\"position\":1,\"name\":\"Home\",\"item\":\"https:\\\/\\\/eyeharp.org\\\/es\\\/\"},{\"@type\":\"ListItem\",\"position\":2,\"name\":\"Que es EyeHarp\"}]},{\"@type\":\"WebSite\",\"@id\":\"https:\\\/\\\/eyeharp.org\\\/#website\",\"url\":\"https:\\\/\\\/eyeharp.org\\\/\",\"name\":\"EyeHarp\",\"description\":\"Music of the eyes\",\"publisher\":{\"@id\":\"https:\\\/\\\/eyeharp.org\\\/#organization\"},\"potentialAction\":[{\"@type\":\"SearchAction\",\"target\":{\"@type\":\"EntryPoint\",\"urlTemplate\":\"https:\\\/\\\/eyeharp.org\\\/?s={search_term_string}\"},\"query-input\":{\"@type\":\"PropertyValueSpecification\",\"valueRequired\":true,\"valueName\":\"search_term_string\"}}],\"inLanguage\":\"es\"},{\"@type\":\"Organization\",\"@id\":\"https:\\\/\\\/eyeharp.org\\\/#organization\",\"name\":\"EyeHarp\",\"url\":\"https:\\\/\\\/eyeharp.org\\\/\",\"logo\":{\"@type\":\"ImageObject\",\"inLanguage\":\"es\",\"@id\":\"https:\\\/\\\/eyeharp.org\\\/#\\\/schema\\\/logo\\\/image\\\/\",\"url\":\"https:\\\/\\\/eyeharp.org\\\/wp-content\\\/uploads\\\/2020\\\/04\\\/logo-long.png\",\"contentUrl\":\"https:\\\/\\\/eyeharp.org\\\/wp-content\\\/uploads\\\/2020\\\/04\\\/logo-long.png\",\"width\":400,\"height\":76,\"caption\":\"EyeHarp\"},\"image\":{\"@id\":\"https:\\\/\\\/eyeharp.org\\\/#\\\/schema\\\/logo\\\/image\\\/\"},\"sameAs\":[\"https:\\\/\\\/www.facebook.com\\\/eyeharp\\\/\",\"https:\\\/\\\/x.com\\\/theeyeharp\",\"https:\\\/\\\/www.instagram.com\\\/eyeharp\\\/\",\"https:\\\/\\\/www.youtube.com\\\/channel\\\/UCNp-QT7KwBWpelO5_Z6BDPw\"]}]}<\/script>\n<!-- \/ Yoast SEO plugin. -->","yoast_head_json":{"title":"Que es EyeHarp - EyeHarp","robots":{"index":"index","follow":"follow","max-snippet":"max-snippet:-1","max-image-preview":"max-image-preview:large","max-video-preview":"max-video-preview:-1"},"canonical":"https:\/\/eyeharp.org\/about\/","og_locale":"es_ES","og_type":"article","og_title":"Que es EyeHarp - EyeHarp","og_description":"Sobre EyeHarp Eyeharp es un proyecto social que tiene por misi\u00f3n mejorar la calidad de vida de las personas con discapacidad a trav\u00e9s de la m\u00fasica La idea del EyeHarp naci\u00f3 en 2010, cuando un amigo m\u00fasico de Zacharias Vamvakousis sufri\u00f3 un grave accidente de moto y en un principio todo indicaba que no podr\u00eda volver a tocar m\u00fasica. En ese momento Zachar\u00edas se percat\u00f3 que no exist\u00eda ning\u00fan instrumento musical para personas con tetraplegia, y comenz\u00f3 a crear el Eyeharp. Zachar\u00edas, inform\u00e1tico y m\u00fasico, cre\u00f3 el EyeHarp y comenz\u00f3 a dar clases de m\u00fasica con \u00e9l a personas con discapacidad. Esto le permiti\u00f3 mejorarlo d\u00eda a d\u00eda, tanto a nivel de prestaciones, como de accesibilidad y usabilidad. En 2019, Zacharias y los miembros de nuestro equipo fundaron la Asociaci\u00f3n EyeHarp. Como una organizaci\u00f3n sin \u00e1nimo de lucro, podemos trabajar en EyeHarp y desarrollarlo m\u00e1s, as\u00ed como tenerlo disponible al menor costo posible. Creemos que la tecnolog\u00eda de asistencia debe ser accesible para todos, y que el costo tampoco debe ser un obst\u00e1culo para quienes la necesitan. Para apoyar EyeHarp, por favor considere hacer una donaci\u00f3n a nuestra asociaci\u00f3n.","og_url":"https:\/\/eyeharp.org\/about\/","og_site_name":"EyeHarp","article_publisher":"https:\/\/www.facebook.com\/eyeharp\/","article_modified_time":"2020-11-02T16:11:58+00:00","og_image":[{"url":"https:\/\/eyeharp.org\/wp-content\/uploads\/2019\/12\/home-inspirational-creations-tab-about-bg.jpg","type":"","width":"","height":""}],"twitter_card":"summary_large_image","twitter_site":"@theeyeharp","twitter_misc":{"Tiempo de lectura":"1 minuto"},"schema":{"@context":"https:\/\/schema.org","@graph":[{"@type":"WebPage","@id":"https:\/\/eyeharp.org\/about\/","url":"https:\/\/eyeharp.org\/about\/","name":"Que es EyeHarp - EyeHarp","isPartOf":{"@id":"https:\/\/eyeharp.org\/#website"},"primaryImageOfPage":{"@id":"https:\/\/eyeharp.org\/about\/#primaryimage"},"image":{"@id":"https:\/\/eyeharp.org\/about\/#primaryimage"},"thumbnailUrl":"https:\/\/eyeharp.org\/wp-content\/uploads\/2019\/12\/home-inspirational-creations-tab-about-bg.jpg","datePublished":"2020-06-27T23:37:31+00:00","dateModified":"2020-11-02T16:11:58+00:00","breadcrumb":{"@id":"https:\/\/eyeharp.org\/about\/#breadcrumb"},"inLanguage":"es","potentialAction":[{"@type":"ReadAction","target":["https:\/\/eyeharp.org\/about\/"]}]},{"@type":"ImageObject","inLanguage":"es","@id":"https:\/\/eyeharp.org\/about\/#primaryimage","url":"https:\/\/eyeharp.org\/wp-content\/uploads\/2019\/12\/home-inspirational-creations-tab-about-bg.jpg","contentUrl":"https:\/\/eyeharp.org\/wp-content\/uploads\/2019\/12\/home-inspirational-creations-tab-about-bg.jpg"},{"@type":"BreadcrumbList","@id":"https:\/\/eyeharp.org\/about\/#breadcrumb","itemListElement":[{"@type":"ListItem","position":1,"name":"Home","item":"https:\/\/eyeharp.org\/es\/"},{"@type":"ListItem","position":2,"name":"Que es EyeHarp"}]},{"@type":"WebSite","@id":"https:\/\/eyeharp.org\/#website","url":"https:\/\/eyeharp.org\/","name":"EyeHarp","description":"Music of the eyes","publisher":{"@id":"https:\/\/eyeharp.org\/#organization"},"potentialAction":[{"@type":"SearchAction","target":{"@type":"EntryPoint","urlTemplate":"https:\/\/eyeharp.org\/?s={search_term_string}"},"query-input":{"@type":"PropertyValueSpecification","valueRequired":true,"valueName":"search_term_string"}}],"inLanguage":"es"},{"@type":"Organization","@id":"https:\/\/eyeharp.org\/#organization","name":"EyeHarp","url":"https:\/\/eyeharp.org\/","logo":{"@type":"ImageObject","inLanguage":"es","@id":"https:\/\/eyeharp.org\/#\/schema\/logo\/image\/","url":"https:\/\/eyeharp.org\/wp-content\/uploads\/2020\/04\/logo-long.png","contentUrl":"https:\/\/eyeharp.org\/wp-content\/uploads\/2020\/04\/logo-long.png","width":400,"height":76,"caption":"EyeHarp"},"image":{"@id":"https:\/\/eyeharp.org\/#\/schema\/logo\/image\/"},"sameAs":["https:\/\/www.facebook.com\/eyeharp\/","https:\/\/x.com\/theeyeharp","https:\/\/www.instagram.com\/eyeharp\/","https:\/\/www.youtube.com\/channel\/UCNp-QT7KwBWpelO5_Z6BDPw"]}]}},"_links":{"self":[{"href":"https:\/\/eyeharp.org\/es\/wp-json\/wp\/v2\/pages\/4684","targetHints":{"allow":["GET"]}}],"collection":[{"href":"https:\/\/eyeharp.org\/es\/wp-json\/wp\/v2\/pages"}],"about":[{"href":"https:\/\/eyeharp.org\/es\/wp-json\/wp\/v2\/types\/page"}],"author":[{"embeddable":true,"href":"https:\/\/eyeharp.org\/es\/wp-json\/wp\/v2\/users\/1"}],"replies":[{"embeddable":true,"href":"https:\/\/eyeharp.org\/es\/wp-json\/wp\/v2\/comments?post=4684"}],"version-history":[{"count":8,"href":"https:\/\/eyeharp.org\/es\/wp-json\/wp\/v2\/pages\/4684\/revisions"}],"predecessor-version":[{"id":5252,"href":"https:\/\/eyeharp.org\/es\/wp-json\/wp\/v2\/pages\/4684\/revisions\/5252"}],"wp:attachment":[{"href":"https:\/\/eyeharp.org\/es\/wp-json\/wp\/v2\/media?parent=4684"}],"curies":[{"name":"wp","href":"https:\/\/api.w.org\/{rel}","templated":true}]}}