{"id":78031,"date":"2026-02-09T09:41:04","date_gmt":"2026-02-09T09:41:04","guid":{"rendered":"https:\/\/eyeharp.org\/?page_id=78031"},"modified":"2026-04-10T22:19:35","modified_gmt":"2026-04-10T22:19:35","slug":"quick-start-guide-es","status":"publish","type":"page","link":"https:\/\/eyeharp.org\/es\/quick-start-guide-es\/","title":{"rendered":"Gu\u00eda de inicio r\u00e1pido"},"content":{"rendered":"\t\t<div data-elementor-type=\"wp-page\" data-elementor-id=\"78031\" class=\"elementor elementor-78031 elementor-78030\" data-elementor-post-type=\"page\">\n\t\t\t\t\t\t<section class=\"elementor-section elementor-top-section elementor-element elementor-element-536e213 elementor-section-boxed elementor-section-gap-beside-yes elementor-section-height-default elementor-section-height-default elementor-section-column-vertical-align-stretch\" data-id=\"536e213\" data-element_type=\"section\" data-e-type=\"section\">\n\t\t\t\t\t\t<div class=\"elementor-container elementor-column-gap-extended\">\n\t\t\t\t\t<div class=\"elementor-column elementor-col-50 elementor-top-column elementor-element elementor-element-d110f30\" data-id=\"d110f30\" data-element_type=\"column\" data-e-type=\"column\">\n\t\t\t<div class=\"elementor-widget-wrap elementor-element-populated\">\n\t\t\t\t\t\t<div class=\"elementor-element elementor-element-5a83a9b elementor-widget elementor-widget-heading\" data-id=\"5a83a9b\" data-element_type=\"widget\" data-e-type=\"widget\" data-widget_type=\"heading.default\">\n\t\t\t\t<div class=\"elementor-widget-container\">\n\t\t\t\t\t<h2 class=\"elementor-heading-title elementor-size-default\">Gu\u00eda de Instalaci\u00f3n<\/h2>\t\t\t\t<\/div>\n\t\t\t\t<\/div>\n\t\t\t\t<div class=\"elementor-element elementor-element-c71b647 elementor-widget__width-initial elementor-absolute elementor-widget-mobile__width-initial elementor-widget-tablet__width-initial elementor-widget elementor-widget-image\" data-id=\"c71b647\" data-element_type=\"widget\" data-e-type=\"widget\" data-settings=\"{&quot;motion_fx_motion_fx_mouse&quot;:&quot;yes&quot;,&quot;motion_fx_mouseTrack_effect&quot;:&quot;yes&quot;,&quot;motion_fx_mouseTrack_direction&quot;:&quot;negative&quot;,&quot;_position&quot;:&quot;absolute&quot;,&quot;motion_fx_mouseTrack_speed&quot;:{&quot;unit&quot;:&quot;px&quot;,&quot;size&quot;:1,&quot;sizes&quot;:[]}}\" data-widget_type=\"image.default\">\n\t\t\t\t<div class=\"elementor-widget-container\">\n\t\t\t\t\t\t\t\t\t\t\t\t\t\t\t<img fetchpriority=\"high\" decoding=\"async\" width=\"248\" height=\"248\" src=\"https:\/\/eyeharp.org\/wp-content\/uploads\/2019\/12\/billy-shape-image-09.png\" class=\"attachment-full size-full wp-image-76021\" alt=\"\" srcset=\"https:\/\/eyeharp.org\/wp-content\/uploads\/2019\/12\/billy-shape-image-09.png 248w, https:\/\/eyeharp.org\/wp-content\/uploads\/2019\/12\/billy-shape-image-09-150x150.png 150w, https:\/\/eyeharp.org\/wp-content\/uploads\/2019\/12\/billy-shape-image-09-100x100.png 100w, https:\/\/eyeharp.org\/wp-content\/uploads\/2019\/12\/billy-shape-image-09-96x96.png 96w\" sizes=\"(max-width: 248px) 100vw, 248px\" \/>\t\t\t\t\t\t\t\t\t\t\t\t\t\t\t<\/div>\n\t\t\t\t<\/div>\n\t\t\t\t<div class=\"elementor-element elementor-element-0becd0b elementor-widget elementor-widget-video\" data-id=\"0becd0b\" data-element_type=\"widget\" data-e-type=\"widget\" data-settings=\"{&quot;youtube_url&quot;:&quot;https:\\\/\\\/youtu.be\\\/furQ0lldVGk&quot;,&quot;video_type&quot;:&quot;youtube&quot;,&quot;controls&quot;:&quot;yes&quot;}\" data-widget_type=\"video.default\">\n\t\t\t\t<div class=\"elementor-widget-container\">\n\t\t\t\t\t\t\t<div class=\"elementor-wrapper elementor-open-inline\">\n\t\t\t<div class=\"elementor-video\"><\/div>\t\t<\/div>\n\t\t\t\t\t\t<\/div>\n\t\t\t\t<\/div>\n\t\t\t\t\t<\/div>\n\t\t<\/div>\n\t\t\t\t<div class=\"elementor-column elementor-col-50 elementor-top-column elementor-element elementor-element-a46da54\" data-id=\"a46da54\" data-element_type=\"column\" data-e-type=\"column\">\n\t\t\t<div class=\"elementor-widget-wrap elementor-element-populated\">\n\t\t\t\t\t\t<div class=\"elementor-element elementor-element-4b6c702 elementor-widget elementor-widget-heading\" data-id=\"4b6c702\" data-element_type=\"widget\" data-e-type=\"widget\" data-widget_type=\"heading.default\">\n\t\t\t\t<div class=\"elementor-widget-container\">\n\t\t\t\t\t<h2 class=\"elementor-heading-title elementor-size-default\">Tutoriales<\/h2>\t\t\t\t<\/div>\n\t\t\t\t<\/div>\n\t\t\t\t<div class=\"elementor-element elementor-element-b2e2121 elementor-widget elementor-widget-html\" data-id=\"b2e2121\" data-element_type=\"widget\" data-e-type=\"widget\" data-widget_type=\"html.default\">\n\t\t\t\t<div class=\"elementor-widget-container\">\n\t\t\t\t\t<iframe width=\"560\" height=\"315\" src=\"https:\/\/www.youtube.com\/embed\/videoseries?list=PLgC365yyktyxrQQsGKkyIA_wETmWERXVN\" frameborder=\"0\" allow=\"autoplay; encrypted-media\" allowfullscreen><\/iframe>\t\t\t\t<\/div>\n\t\t\t\t<\/div>\n\t\t\t\t\t<\/div>\n\t\t<\/div>\n\t\t\t\t\t<\/div>\n\t\t<\/section>\n\t\t\t\t<section class=\"elementor-section elementor-top-section elementor-element elementor-element-a25270a elementor-section-boxed elementor-section-gap-beside-yes elementor-section-height-default elementor-section-height-default elementor-section-column-vertical-align-stretch\" data-id=\"a25270a\" data-element_type=\"section\" data-e-type=\"section\">\n\t\t\t\t\t\t<div class=\"elementor-container elementor-column-gap-extended\">\n\t\t\t\t\t<div class=\"elementor-column elementor-col-33 elementor-top-column elementor-element elementor-element-d693b5f\" data-id=\"d693b5f\" data-element_type=\"column\" data-e-type=\"column\">\n\t\t\t<div class=\"elementor-widget-wrap elementor-element-populated\">\n\t\t\t\t\t\t<div class=\"elementor-element elementor-element-37572a1 elementor-widget__width-initial elementor-absolute elementor-widget-mobile__width-initial elementor-widget-tablet__width-initial elementor-widget elementor-widget-image\" data-id=\"37572a1\" data-element_type=\"widget\" data-e-type=\"widget\" data-settings=\"{&quot;motion_fx_motion_fx_mouse&quot;:&quot;yes&quot;,&quot;motion_fx_mouseTrack_effect&quot;:&quot;yes&quot;,&quot;motion_fx_mouseTrack_direction&quot;:&quot;negative&quot;,&quot;_position&quot;:&quot;absolute&quot;,&quot;motion_fx_mouseTrack_speed&quot;:{&quot;unit&quot;:&quot;px&quot;,&quot;size&quot;:1,&quot;sizes&quot;:[]}}\" data-widget_type=\"image.default\">\n\t\t\t\t<div class=\"elementor-widget-container\">\n\t\t\t\t\t\t\t\t\t\t\t\t\t\t\t<img fetchpriority=\"high\" decoding=\"async\" width=\"248\" height=\"248\" src=\"https:\/\/eyeharp.org\/wp-content\/uploads\/2019\/12\/billy-shape-image-09.png\" class=\"attachment-full size-full wp-image-76021\" alt=\"\" srcset=\"https:\/\/eyeharp.org\/wp-content\/uploads\/2019\/12\/billy-shape-image-09.png 248w, https:\/\/eyeharp.org\/wp-content\/uploads\/2019\/12\/billy-shape-image-09-150x150.png 150w, https:\/\/eyeharp.org\/wp-content\/uploads\/2019\/12\/billy-shape-image-09-100x100.png 100w, https:\/\/eyeharp.org\/wp-content\/uploads\/2019\/12\/billy-shape-image-09-96x96.png 96w\" sizes=\"(max-width: 248px) 100vw, 248px\" \/>\t\t\t\t\t\t\t\t\t\t\t\t\t\t\t<\/div>\n\t\t\t\t<\/div>\n\t\t\t\t<div class=\"elementor-element elementor-element-9f88118 elementor-widget elementor-widget-heading\" data-id=\"9f88118\" data-element_type=\"widget\" data-e-type=\"widget\" data-widget_type=\"heading.default\">\n\t\t\t\t<div class=\"elementor-widget-container\">\n\t\t\t\t\t<h2 class=\"elementor-heading-title elementor-size-default\">Manual de Uso<\/h2>\t\t\t\t<\/div>\n\t\t\t\t<\/div>\n\t\t\t\t<div class=\"elementor-element elementor-element-2755668 elementor-button-info elementor-align-center elementor-widget elementor-widget-button\" data-id=\"2755668\" data-element_type=\"widget\" data-e-type=\"widget\" data-widget_type=\"button.default\">\n\t\t\t\t<div class=\"elementor-widget-container\">\n\t\t\t\t\t\t\t\t\t<div class=\"elementor-button-wrapper\">\n\t\t\t\t\t<a class=\"elementor-button elementor-button-link elementor-size-lg\" href=\"https:\/\/eyeharp.org\/l\/download\/Eyeharp_manual_ES_1.1.0.pdf\" target=\"_blank\">\n\t\t\t\t\t\t<span class=\"elementor-button-content-wrapper\">\n\t\t\t\t\t\t<span class=\"elementor-button-icon\">\n\t\t\t\t<i aria-hidden=\"true\" class=\"fal fa-file-pdf\"><\/i>\t\t\t<\/span>\n\t\t\t\t\t\t\t\t\t<span class=\"elementor-button-text\">Manual de Uso Completo (PDF)<\/span>\n\t\t\t\t\t<\/span>\n\t\t\t\t\t<\/a>\n\t\t\t\t<\/div>\n\t\t\t\t\t\t\t\t<\/div>\n\t\t\t\t<\/div>\n\t\t\t\t\t<\/div>\n\t\t<\/div>\n\t\t\t\t<div class=\"elementor-column elementor-col-33 elementor-top-column elementor-element elementor-element-04f8c50\" data-id=\"04f8c50\" data-element_type=\"column\" data-e-type=\"column\">\n\t\t\t<div class=\"elementor-widget-wrap elementor-element-populated\">\n\t\t\t\t\t\t<div class=\"elementor-element elementor-element-dae2b9e elementor-widget__width-initial elementor-absolute elementor-widget-mobile__width-initial elementor-widget-tablet__width-initial elementor-widget elementor-widget-image\" data-id=\"dae2b9e\" data-element_type=\"widget\" data-e-type=\"widget\" data-settings=\"{&quot;motion_fx_motion_fx_mouse&quot;:&quot;yes&quot;,&quot;motion_fx_mouseTrack_effect&quot;:&quot;yes&quot;,&quot;motion_fx_mouseTrack_direction&quot;:&quot;negative&quot;,&quot;_position&quot;:&quot;absolute&quot;,&quot;motion_fx_mouseTrack_speed&quot;:{&quot;unit&quot;:&quot;px&quot;,&quot;size&quot;:1,&quot;sizes&quot;:[]}}\" data-widget_type=\"image.default\">\n\t\t\t\t<div class=\"elementor-widget-container\">\n\t\t\t\t\t\t\t\t\t\t\t\t\t\t\t<img fetchpriority=\"high\" decoding=\"async\" width=\"248\" height=\"248\" src=\"https:\/\/eyeharp.org\/wp-content\/uploads\/2019\/12\/billy-shape-image-09.png\" class=\"attachment-full size-full wp-image-76021\" alt=\"\" srcset=\"https:\/\/eyeharp.org\/wp-content\/uploads\/2019\/12\/billy-shape-image-09.png 248w, https:\/\/eyeharp.org\/wp-content\/uploads\/2019\/12\/billy-shape-image-09-150x150.png 150w, https:\/\/eyeharp.org\/wp-content\/uploads\/2019\/12\/billy-shape-image-09-100x100.png 100w, https:\/\/eyeharp.org\/wp-content\/uploads\/2019\/12\/billy-shape-image-09-96x96.png 96w\" sizes=\"(max-width: 248px) 100vw, 248px\" \/>\t\t\t\t\t\t\t\t\t\t\t\t\t\t\t<\/div>\n\t\t\t\t<\/div>\n\t\t\t\t<div class=\"elementor-element elementor-element-08e8b56 elementor-widget elementor-widget-heading\" data-id=\"08e8b56\" data-element_type=\"widget\" data-e-type=\"widget\" data-widget_type=\"heading.default\">\n\t\t\t\t<div class=\"elementor-widget-container\">\n\t\t\t\t\t<h2 class=\"elementor-heading-title elementor-size-default\">Gu\u00eda de inicio r\u00e1pido<\/h2>\t\t\t\t<\/div>\n\t\t\t\t<\/div>\n\t\t\t\t<div class=\"elementor-element elementor-element-5eaa295 elementor-button-info elementor-align-center elementor-widget elementor-widget-button\" data-id=\"5eaa295\" data-element_type=\"widget\" data-e-type=\"widget\" data-widget_type=\"button.default\">\n\t\t\t\t<div class=\"elementor-widget-container\">\n\t\t\t\t\t\t\t\t\t<div class=\"elementor-button-wrapper\">\n\t\t\t\t\t<a class=\"elementor-button elementor-button-link elementor-size-lg\" href=\"https:\/\/docs.google.com\/presentation\/d\/1vv1_sDDxVEyNrUHkYkNqO4r-5fIg2XRQWY8R9KNdpkw\/edit?usp=sharing\" target=\"_blank\">\n\t\t\t\t\t\t<span class=\"elementor-button-content-wrapper\">\n\t\t\t\t\t\t<span class=\"elementor-button-icon\">\n\t\t\t\t<i aria-hidden=\"true\" class=\"fal fa-file-pdf\"><\/i>\t\t\t<\/span>\n\t\t\t\t\t\t\t\t\t<span class=\"elementor-button-text\">Gu\u00eda de inicio r\u00e1pido<\/span>\n\t\t\t\t\t<\/span>\n\t\t\t\t\t<\/a>\n\t\t\t\t<\/div>\n\t\t\t\t\t\t\t\t<\/div>\n\t\t\t\t<\/div>\n\t\t\t\t\t<\/div>\n\t\t<\/div>\n\t\t\t\t<div class=\"elementor-column elementor-col-33 elementor-top-column elementor-element elementor-element-4dabbe1\" data-id=\"4dabbe1\" data-element_type=\"column\" data-e-type=\"column\">\n\t\t\t<div class=\"elementor-widget-wrap elementor-element-populated\">\n\t\t\t\t\t\t<div class=\"elementor-element elementor-element-ce68afc elementor-widget__width-initial elementor-widget elementor-widget-heading\" data-id=\"ce68afc\" data-element_type=\"widget\" data-e-type=\"widget\" data-widget_type=\"heading.default\">\n\t\t\t\t<div class=\"elementor-widget-container\">\n\t\t\t\t\t<h4 class=\"elementor-heading-title elementor-size-default\"><a href=\"https:\/\/eyeharp.org\/es\/faq\/\">Necesitas m\u00e1s ayuda?<br>\nVisita la p\u00e1gina FAQ<\/a><\/h4>\t\t\t\t<\/div>\n\t\t\t\t<\/div>\n\t\t\t\t\t<\/div>\n\t\t<\/div>\n\t\t\t\t\t<\/div>\n\t\t<\/section>\n\t\t\t\t<section class=\"elementor-section elementor-top-section elementor-element elementor-element-8aced27 elementor-section-boxed elementor-section-gap-beside-yes elementor-section-height-default elementor-section-height-default elementor-section-column-vertical-align-stretch\" data-id=\"8aced27\" data-element_type=\"section\" data-e-type=\"section\">\n\t\t\t\t\t\t<div class=\"elementor-container elementor-column-gap-extended\">\n\t\t\t\t\t<div class=\"elementor-column elementor-col-100 elementor-top-column elementor-element elementor-element-800b7a6\" data-id=\"800b7a6\" data-element_type=\"column\" data-e-type=\"column\">\n\t\t\t<div class=\"elementor-widget-wrap elementor-element-populated\">\n\t\t\t\t\t\t<div class=\"elementor-element elementor-element-8a59430 elementor-widget elementor-widget-spacer\" data-id=\"8a59430\" data-element_type=\"widget\" data-e-type=\"widget\" data-widget_type=\"spacer.default\">\n\t\t\t\t<div class=\"elementor-widget-container\">\n\t\t\t\t\t\t\t<div class=\"elementor-spacer\">\n\t\t\t<div class=\"elementor-spacer-inner\"><\/div>\n\t\t<\/div>\n\t\t\t\t\t\t<\/div>\n\t\t\t\t<\/div>\n\t\t\t\t\t<\/div>\n\t\t<\/div>\n\t\t\t\t\t<\/div>\n\t\t<\/section>\n\t\t\t\t<\/div>\n\t\t","protected":false},"excerpt":{"rendered":"<p>Gu\u00eda de Instalaci\u00f3n Tutoriales Manual de Uso Manual de Uso Completo (PDF) Gu\u00eda de inicio r\u00e1pido Gu\u00eda de inicio r\u00e1pido Necesitas m\u00e1s ayuda? Visita la p\u00e1gina FAQ<\/p>\n","protected":false},"author":2,"featured_media":0,"parent":0,"menu_order":0,"comment_status":"closed","ping_status":"closed","template":"","meta":{"footnotes":""},"class_list":["post-78031","page","type-page","status-publish","hentry","post-no-thumbnail"],"yoast_head":"<!-- This site is optimized with the Yoast SEO plugin v27.4 - https:\/\/yoast.com\/product\/yoast-seo-wordpress\/ -->\n<title>Gu\u00eda de inicio r\u00e1pido - EyeHarp<\/title>\n<meta name=\"robots\" content=\"index, follow, max-snippet:-1, max-image-preview:large, max-video-preview:-1\" \/>\n<link rel=\"canonical\" href=\"https:\/\/eyeharp.org\/es\/quick-start-guide-es\/\" \/>\n<meta property=\"og:locale\" content=\"es_ES\" \/>\n<meta property=\"og:type\" content=\"article\" \/>\n<meta property=\"og:title\" content=\"Gu\u00eda de inicio r\u00e1pido - EyeHarp\" \/>\n<meta property=\"og:description\" content=\"Gu\u00eda de Instalaci\u00f3n Tutoriales Manual de Uso Manual de Uso Completo (PDF) Gu\u00eda de inicio r\u00e1pido Gu\u00eda de inicio r\u00e1pido Necesitas m\u00e1s ayuda? Visita la p\u00e1gina FAQ\" \/>\n<meta property=\"og:url\" content=\"https:\/\/eyeharp.org\/es\/quick-start-guide-es\/\" \/>\n<meta property=\"og:site_name\" content=\"EyeHarp\" \/>\n<meta property=\"article:publisher\" content=\"https:\/\/www.facebook.com\/eyeharp\/\" \/>\n<meta property=\"article:modified_time\" content=\"2026-04-10T22:19:35+00:00\" \/>\n<meta property=\"og:image\" content=\"https:\/\/eyeharp.org\/wp-content\/uploads\/2019\/12\/billy-shape-image-09.png\" \/>\n\t<meta property=\"og:image:width\" content=\"248\" \/>\n\t<meta property=\"og:image:height\" content=\"248\" \/>\n\t<meta property=\"og:image:type\" content=\"image\/png\" \/>\n<meta name=\"twitter:card\" content=\"summary_large_image\" \/>\n<meta name=\"twitter:site\" content=\"@theeyeharp\" \/>\n<meta name=\"twitter:label1\" content=\"Tiempo de lectura\" \/>\n\t<meta name=\"twitter:data1\" content=\"1 minuto\" \/>\n<script type=\"application\/ld+json\" class=\"yoast-schema-graph\">{\"@context\":\"https:\\\/\\\/schema.org\",\"@graph\":[{\"@type\":\"WebPage\",\"@id\":\"https:\\\/\\\/eyeharp.org\\\/es\\\/quick-start-guide-es\\\/\",\"url\":\"https:\\\/\\\/eyeharp.org\\\/es\\\/quick-start-guide-es\\\/\",\"name\":\"Gu\u00eda de inicio r\u00e1pido - EyeHarp\",\"isPartOf\":{\"@id\":\"https:\\\/\\\/eyeharp.org\\\/#website\"},\"primaryImageOfPage\":{\"@id\":\"https:\\\/\\\/eyeharp.org\\\/es\\\/quick-start-guide-es\\\/#primaryimage\"},\"image\":{\"@id\":\"https:\\\/\\\/eyeharp.org\\\/es\\\/quick-start-guide-es\\\/#primaryimage\"},\"thumbnailUrl\":\"https:\\\/\\\/eyeharp.org\\\/wp-content\\\/uploads\\\/2019\\\/12\\\/billy-shape-image-09.png\",\"datePublished\":\"2026-02-09T09:41:04+00:00\",\"dateModified\":\"2026-04-10T22:19:35+00:00\",\"breadcrumb\":{\"@id\":\"https:\\\/\\\/eyeharp.org\\\/es\\\/quick-start-guide-es\\\/#breadcrumb\"},\"inLanguage\":\"es\",\"potentialAction\":[{\"@type\":\"ReadAction\",\"target\":[\"https:\\\/\\\/eyeharp.org\\\/es\\\/quick-start-guide-es\\\/\"]}]},{\"@type\":\"ImageObject\",\"inLanguage\":\"es\",\"@id\":\"https:\\\/\\\/eyeharp.org\\\/es\\\/quick-start-guide-es\\\/#primaryimage\",\"url\":\"https:\\\/\\\/eyeharp.org\\\/wp-content\\\/uploads\\\/2019\\\/12\\\/billy-shape-image-09.png\",\"contentUrl\":\"https:\\\/\\\/eyeharp.org\\\/wp-content\\\/uploads\\\/2019\\\/12\\\/billy-shape-image-09.png\"},{\"@type\":\"BreadcrumbList\",\"@id\":\"https:\\\/\\\/eyeharp.org\\\/es\\\/quick-start-guide-es\\\/#breadcrumb\",\"itemListElement\":[{\"@type\":\"ListItem\",\"position\":1,\"name\":\"Home\",\"item\":\"https:\\\/\\\/eyeharp.org\\\/es\\\/\"},{\"@type\":\"ListItem\",\"position\":2,\"name\":\"Gu\u00eda de inicio r\u00e1pido\"}]},{\"@type\":\"WebSite\",\"@id\":\"https:\\\/\\\/eyeharp.org\\\/#website\",\"url\":\"https:\\\/\\\/eyeharp.org\\\/\",\"name\":\"EyeHarp\",\"description\":\"Music of the eyes\",\"publisher\":{\"@id\":\"https:\\\/\\\/eyeharp.org\\\/#organization\"},\"potentialAction\":[{\"@type\":\"SearchAction\",\"target\":{\"@type\":\"EntryPoint\",\"urlTemplate\":\"https:\\\/\\\/eyeharp.org\\\/?s={search_term_string}\"},\"query-input\":{\"@type\":\"PropertyValueSpecification\",\"valueRequired\":true,\"valueName\":\"search_term_string\"}}],\"inLanguage\":\"es\"},{\"@type\":\"Organization\",\"@id\":\"https:\\\/\\\/eyeharp.org\\\/#organization\",\"name\":\"EyeHarp\",\"url\":\"https:\\\/\\\/eyeharp.org\\\/\",\"logo\":{\"@type\":\"ImageObject\",\"inLanguage\":\"es\",\"@id\":\"https:\\\/\\\/eyeharp.org\\\/#\\\/schema\\\/logo\\\/image\\\/\",\"url\":\"https:\\\/\\\/eyeharp.org\\\/wp-content\\\/uploads\\\/2020\\\/04\\\/logo-long.png\",\"contentUrl\":\"https:\\\/\\\/eyeharp.org\\\/wp-content\\\/uploads\\\/2020\\\/04\\\/logo-long.png\",\"width\":400,\"height\":76,\"caption\":\"EyeHarp\"},\"image\":{\"@id\":\"https:\\\/\\\/eyeharp.org\\\/#\\\/schema\\\/logo\\\/image\\\/\"},\"sameAs\":[\"https:\\\/\\\/www.facebook.com\\\/eyeharp\\\/\",\"https:\\\/\\\/x.com\\\/theeyeharp\",\"https:\\\/\\\/www.instagram.com\\\/eyeharp\\\/\",\"https:\\\/\\\/www.youtube.com\\\/channel\\\/UCNp-QT7KwBWpelO5_Z6BDPw\"]}]}<\/script>\n<!-- \/ Yoast SEO plugin. -->","yoast_head_json":{"title":"Gu\u00eda de inicio r\u00e1pido - EyeHarp","robots":{"index":"index","follow":"follow","max-snippet":"max-snippet:-1","max-image-preview":"max-image-preview:large","max-video-preview":"max-video-preview:-1"},"canonical":"https:\/\/eyeharp.org\/es\/quick-start-guide-es\/","og_locale":"es_ES","og_type":"article","og_title":"Gu\u00eda de inicio r\u00e1pido - EyeHarp","og_description":"Gu\u00eda de Instalaci\u00f3n Tutoriales Manual de Uso Manual de Uso Completo (PDF) Gu\u00eda de inicio r\u00e1pido Gu\u00eda de inicio r\u00e1pido Necesitas m\u00e1s ayuda? Visita la p\u00e1gina FAQ","og_url":"https:\/\/eyeharp.org\/es\/quick-start-guide-es\/","og_site_name":"EyeHarp","article_publisher":"https:\/\/www.facebook.com\/eyeharp\/","article_modified_time":"2026-04-10T22:19:35+00:00","og_image":[{"width":248,"height":248,"url":"https:\/\/eyeharp.org\/wp-content\/uploads\/2019\/12\/billy-shape-image-09.png","type":"image\/png"}],"twitter_card":"summary_large_image","twitter_site":"@theeyeharp","twitter_misc":{"Tiempo de lectura":"1 minuto"},"schema":{"@context":"https:\/\/schema.org","@graph":[{"@type":"WebPage","@id":"https:\/\/eyeharp.org\/es\/quick-start-guide-es\/","url":"https:\/\/eyeharp.org\/es\/quick-start-guide-es\/","name":"Gu\u00eda de inicio r\u00e1pido - EyeHarp","isPartOf":{"@id":"https:\/\/eyeharp.org\/#website"},"primaryImageOfPage":{"@id":"https:\/\/eyeharp.org\/es\/quick-start-guide-es\/#primaryimage"},"image":{"@id":"https:\/\/eyeharp.org\/es\/quick-start-guide-es\/#primaryimage"},"thumbnailUrl":"https:\/\/eyeharp.org\/wp-content\/uploads\/2019\/12\/billy-shape-image-09.png","datePublished":"2026-02-09T09:41:04+00:00","dateModified":"2026-04-10T22:19:35+00:00","breadcrumb":{"@id":"https:\/\/eyeharp.org\/es\/quick-start-guide-es\/#breadcrumb"},"inLanguage":"es","potentialAction":[{"@type":"ReadAction","target":["https:\/\/eyeharp.org\/es\/quick-start-guide-es\/"]}]},{"@type":"ImageObject","inLanguage":"es","@id":"https:\/\/eyeharp.org\/es\/quick-start-guide-es\/#primaryimage","url":"https:\/\/eyeharp.org\/wp-content\/uploads\/2019\/12\/billy-shape-image-09.png","contentUrl":"https:\/\/eyeharp.org\/wp-content\/uploads\/2019\/12\/billy-shape-image-09.png"},{"@type":"BreadcrumbList","@id":"https:\/\/eyeharp.org\/es\/quick-start-guide-es\/#breadcrumb","itemListElement":[{"@type":"ListItem","position":1,"name":"Home","item":"https:\/\/eyeharp.org\/es\/"},{"@type":"ListItem","position":2,"name":"Gu\u00eda de inicio r\u00e1pido"}]},{"@type":"WebSite","@id":"https:\/\/eyeharp.org\/#website","url":"https:\/\/eyeharp.org\/","name":"EyeHarp","description":"Music of the eyes","publisher":{"@id":"https:\/\/eyeharp.org\/#organization"},"potentialAction":[{"@type":"SearchAction","target":{"@type":"EntryPoint","urlTemplate":"https:\/\/eyeharp.org\/?s={search_term_string}"},"query-input":{"@type":"PropertyValueSpecification","valueRequired":true,"valueName":"search_term_string"}}],"inLanguage":"es"},{"@type":"Organization","@id":"https:\/\/eyeharp.org\/#organization","name":"EyeHarp","url":"https:\/\/eyeharp.org\/","logo":{"@type":"ImageObject","inLanguage":"es","@id":"https:\/\/eyeharp.org\/#\/schema\/logo\/image\/","url":"https:\/\/eyeharp.org\/wp-content\/uploads\/2020\/04\/logo-long.png","contentUrl":"https:\/\/eyeharp.org\/wp-content\/uploads\/2020\/04\/logo-long.png","width":400,"height":76,"caption":"EyeHarp"},"image":{"@id":"https:\/\/eyeharp.org\/#\/schema\/logo\/image\/"},"sameAs":["https:\/\/www.facebook.com\/eyeharp\/","https:\/\/x.com\/theeyeharp","https:\/\/www.instagram.com\/eyeharp\/","https:\/\/www.youtube.com\/channel\/UCNp-QT7KwBWpelO5_Z6BDPw"]}]}},"_links":{"self":[{"href":"https:\/\/eyeharp.org\/es\/wp-json\/wp\/v2\/pages\/78031","targetHints":{"allow":["GET"]}}],"collection":[{"href":"https:\/\/eyeharp.org\/es\/wp-json\/wp\/v2\/pages"}],"about":[{"href":"https:\/\/eyeharp.org\/es\/wp-json\/wp\/v2\/types\/page"}],"author":[{"embeddable":true,"href":"https:\/\/eyeharp.org\/es\/wp-json\/wp\/v2\/users\/2"}],"replies":[{"embeddable":true,"href":"https:\/\/eyeharp.org\/es\/wp-json\/wp\/v2\/comments?post=78031"}],"version-history":[{"count":11,"href":"https:\/\/eyeharp.org\/es\/wp-json\/wp\/v2\/pages\/78031\/revisions"}],"predecessor-version":[{"id":78715,"href":"https:\/\/eyeharp.org\/es\/wp-json\/wp\/v2\/pages\/78031\/revisions\/78715"}],"wp:attachment":[{"href":"https:\/\/eyeharp.org\/es\/wp-json\/wp\/v2\/media?parent=78031"}],"curies":[{"name":"wp","href":"https:\/\/api.w.org\/{rel}","templated":true}]}}