{"id":76939,"date":"2023-09-05T15:07:07","date_gmt":"2023-09-05T15:07:07","guid":{"rendered":"https:\/\/eyeharp.org\/?page_id=76939"},"modified":"2023-09-05T15:07:07","modified_gmt":"2023-09-05T15:07:07","slug":"what-is-eyeharp","status":"publish","type":"page","link":"https:\/\/eyeharp.org\/fr\/what-is-eyeharp\/","title":{"rendered":"Qu&rsquo;est-ce que EyeHarp"},"content":{"rendered":"\t\t<div data-elementor-type=\"wp-page\" data-elementor-id=\"76939\" class=\"elementor elementor-76939 elementor-4432\" data-elementor-post-type=\"page\">\n\t\t\t\t\t\t<section class=\"elementor-section elementor-top-section elementor-element elementor-element-723ca62 elementor-reverse-tablet elementor-reverse-mobile elementor-section-boxed elementor-section-gap-beside-yes elementor-section-height-default elementor-section-height-default elementor-section-column-vertical-align-stretch\" data-id=\"723ca62\" data-element_type=\"section\" data-e-type=\"section\">\n\t\t\t\t\t\t<div class=\"elementor-container elementor-column-gap-extended\">\n\t\t\t\t\t<div class=\"elementor-column elementor-col-50 elementor-top-column elementor-element elementor-element-a46aa5e\" data-id=\"a46aa5e\" data-element_type=\"column\" data-e-type=\"column\">\n\t\t\t<div class=\"elementor-widget-wrap elementor-element-populated\">\n\t\t\t\t\t\t<div class=\"elementor-element elementor-element-180331c elementor-widget elementor-widget-tm-heading\" data-id=\"180331c\" data-element_type=\"widget\" data-e-type=\"widget\" data-widget_type=\"tm-heading.default\">\n\t\t\t\t<div class=\"elementor-widget-container\">\n\t\t\t\t\t\t\t<div class=\"tm-modern-heading\">\n\t\t\t\n\t\t\t\t\t<div class=\"heading-primary-wrap\">\n\t\t\t<h2 class=\"heading-primary elementor-heading-title\">A propos de <mark>EyeHarp<\/mark><\/h2>\t\t<\/div>\n\t\t\n\t\t\t\n\t\t\t\t\t<div class=\"heading-description-wrap\">\n\t\t\t<div class=\"heading-description\">\n\t\t\t\t<p><span style=\"font-weight: 400\">Eyeharp est un projet social dont la mission est d'am\u00e9liorer la qualit\u00e9 de vie des personnes handicap\u00e9es gr\u00e2ce \u00e0 la musique.<\/span><\/p><p><span style=\"font-weight: 400\">L'id\u00e9e de la EyeHarp est n\u00e9e en 2010, lorsqu'un ami musicien de Zacharias Vamvakousis a \u00e9t\u00e9 victime d'un grave accident de moto et qu'il n'\u00e9tait pas certain qu'il puisse \u00e0 nouveau jouer de la musique. Zachar\u00edas s'est alors rendu compte qu'il n'existait pas d'instrument de musique accessible aux personnes t\u00e9trapl\u00e9giques et il a commenc\u00e9 \u00e0 d\u00e9velopper l'Eyeharp.<\/span><\/p><p><span style=\"font-weight: 400\">Zacharias, informaticien et musicien, est le cr\u00e9ateur d'EyeHarp. Il l'a utilis\u00e9 pour enseigner la musique \u00e0 des personnes handicap\u00e9es, ce qui lui a permis d'am\u00e9liorer EyeHarp jour apr\u00e8s jour, en le rendant plus accessible, plus facile \u00e0 utiliser et plus performant.<\/span><\/p><p><span style=\"font-weight: 400\">En 2019, Zacharias et les membres de notre \u00e9quipe ont fond\u00e9 l'Association EyeHarp. En tant qu'organisation \u00e0 but non lucratif, nous pouvons travailler au d\u00e9veloppement d'EyeHarp ainsi qu'\u00e0 sa mise \u00e0 disposition au co\u00fbt le plus bas possible. Nous pensons que la technologie fonctionnelle devrait \u00eatre accessible \u00e0 tous et que le co\u00fbt ne devrait pas \u00eatre un obstacle pour ceux qui en ont besoin. Pour soutenir EyeHarp, nous vous invitons \u00e0 faire un don \u00e0 notre association.<\/span><\/p>\t\t\t<\/div>\n\t\t<\/div>\n\t\t\t<\/div>\n\t\t\t\t\t\t<\/div>\n\t\t\t\t<\/div>\n\t\t\t\t\t<\/div>\n\t\t<\/div>\n\t\t\t\t<div class=\"elementor-column elementor-col-50 elementor-top-column elementor-element elementor-element-9ec9891\" data-id=\"9ec9891\" data-element_type=\"column\" data-e-type=\"column\">\n\t\t\t<div class=\"elementor-widget-wrap elementor-element-populated\">\n\t\t\t\t\t\t<div class=\"elementor-element elementor-element-b8f5a61 elementor-widget__width-auto elementor-absolute elementor-widget elementor-widget-image\" data-id=\"b8f5a61\" data-element_type=\"widget\" data-e-type=\"widget\" data-settings=\"{&quot;_position&quot;:&quot;absolute&quot;}\" data-widget_type=\"image.default\">\n\t\t\t\t<div class=\"elementor-widget-container\">\n\t\t\t\t\t\t\t\t\t\t\t\t\t\t\t<img fetchpriority=\"high\" decoding=\"async\" width=\"405\" height=\"515\" src=\"https:\/\/eyeharp.org\/wp-content\/uploads\/2019\/12\/home-inspirational-creations-tab-about-bg.jpg\" class=\"attachment-full size-full wp-image-3279\" alt=\"\" srcset=\"https:\/\/eyeharp.org\/wp-content\/uploads\/2019\/12\/home-inspirational-creations-tab-about-bg.jpg 405w, https:\/\/eyeharp.org\/wp-content\/uploads\/2019\/12\/home-inspirational-creations-tab-about-bg-236x300.jpg 236w\" sizes=\"(max-width: 405px) 100vw, 405px\" \/>\t\t\t\t\t\t\t\t\t\t\t\t\t\t\t<\/div>\n\t\t\t\t<\/div>\n\t\t\t\t<div class=\"elementor-element elementor-element-aa23052 billey-animation-zoom-in elementor-align-center elementor-widget elementor-widget-tm-popup-video\" data-id=\"aa23052\" data-element_type=\"widget\" data-e-type=\"widget\" data-widget_type=\"tm-popup-video.default\">\n\t\t\t\t<div class=\"elementor-widget-container\">\n\t\t\t\t\t\t\t<div class=\"tm-popup-video type-poster\">\n\t\t\t<a class=\"video-link billey-box link-secret\" href=\"https:\/\/www.youtube.com\/watch?v=BqZUye75RtE\">\n\n\t\t\t\t\t\t\t\t\t\t\t<div class=\"video-poster\">\n\t\t\t<div class=\"billey-image\">\n\t\t\t\t<img decoding=\"async\"  src=\"https:\/\/eyeharp.org\/wp-content\/uploads\/2020\/04\/Screen-Shot-2020-04-12-portrait-2.jpg\" alt=\"Screen-Shot-2020-04-12-portrait-2\" \/>\t\t\t<\/div>\n\n\t\t\t<div class=\"video-overlay\"><\/div>\n\n\t\t\t\t\t<div class=\"video-button\">\n\t\t\t\t\t\t\t<div class=\"video-play video-play-icon\">\n\t\t\t\t\t<span class=\"icon\"><\/span>\n\t\t\t\t<\/div>\n\t\t\t\n\t\t\t\t\t<\/div>\n\t\t\t\t<\/div>\n\n\t\t\t\t\t\t\t\t\n\t\t\t<\/a>\n\t\t<\/div>\n\t\t\t\t\t\t<\/div>\n\t\t\t\t<\/div>\n\t\t\t\t\t<\/div>\n\t\t<\/div>\n\t\t\t\t\t<\/div>\n\t\t<\/section>\n\t\t\t\t<\/div>\n\t\t","protected":false},"excerpt":{"rendered":"<p>A propos de EyeHarp Eyeharp est un projet social dont la mission est d&rsquo;am\u00e9liorer la qualit\u00e9 de vie des personnes handicap\u00e9es gr\u00e2ce \u00e0 la musique. L&rsquo;id\u00e9e de la EyeHarp est n\u00e9e en 2010, lorsqu&rsquo;un ami musicien de Zacharias Vamvakousis a \u00e9t\u00e9 victime d&rsquo;un grave accident de moto et qu&rsquo;il n&rsquo;\u00e9tait pas certain qu&rsquo;il puisse \u00e0 nouveau jouer de la musique. Zachar\u00edas s&rsquo;est alors rendu compte qu&rsquo;il n&rsquo;existait pas d&rsquo;instrument de musique accessible aux personnes t\u00e9trapl\u00e9giques et il a commenc\u00e9 \u00e0 d\u00e9velopper l&rsquo;Eyeharp. Zacharias, informaticien et musicien, est le cr\u00e9ateur d&rsquo;EyeHarp. Il l&rsquo;a utilis\u00e9 pour enseigner la musique \u00e0 des personnes handicap\u00e9es, ce qui lui a permis d&rsquo;am\u00e9liorer EyeHarp jour apr\u00e8s jour, en le rendant plus accessible, plus facile \u00e0 utiliser et plus performant. En 2019, Zacharias et les membres de notre \u00e9quipe ont fond\u00e9 l&rsquo;Association EyeHarp. En tant qu&rsquo;organisation \u00e0 but non lucratif, nous pouvons travailler au d\u00e9veloppement d&rsquo;EyeHarp ainsi qu&rsquo;\u00e0 sa mise \u00e0 disposition au co\u00fbt le plus bas possible. Nous pensons que la technologie fonctionnelle devrait \u00eatre accessible \u00e0 tous et que le co\u00fbt ne devrait pas \u00eatre un obstacle pour ceux qui en ont besoin. Pour soutenir EyeHarp, nous vous invitons \u00e0 faire un don \u00e0 notre association.<\/p>\n","protected":false},"author":2,"featured_media":0,"parent":0,"menu_order":0,"comment_status":"closed","ping_status":"closed","template":"","meta":{"footnotes":""},"class_list":["post-76939","page","type-page","status-publish","hentry","post-no-thumbnail"],"yoast_head":"<!-- This site is optimized with the Yoast SEO plugin v27.3 - https:\/\/yoast.com\/product\/yoast-seo-wordpress\/ -->\n<title>Qu&#039;est-ce que EyeHarp - EyeHarp<\/title>\n<meta name=\"robots\" content=\"index, follow, max-snippet:-1, max-image-preview:large, max-video-preview:-1\" \/>\n<link rel=\"canonical\" href=\"https:\/\/eyeharp.org\/fr\/what-is-eyeharp\/\" \/>\n<meta property=\"og:locale\" content=\"fr_FR\" \/>\n<meta property=\"og:type\" content=\"article\" \/>\n<meta property=\"og:title\" content=\"Qu&#039;est-ce que EyeHarp - EyeHarp\" \/>\n<meta property=\"og:description\" content=\"A propos de EyeHarp Eyeharp est un projet social dont la mission est d&rsquo;am\u00e9liorer la qualit\u00e9 de vie des personnes handicap\u00e9es gr\u00e2ce \u00e0 la musique. L&rsquo;id\u00e9e de la EyeHarp est n\u00e9e en 2010, lorsqu&rsquo;un ami musicien de Zacharias Vamvakousis a \u00e9t\u00e9 victime d&rsquo;un grave accident de moto et qu&rsquo;il n&rsquo;\u00e9tait pas certain qu&rsquo;il puisse \u00e0 nouveau jouer de la musique. Zachar\u00edas s&rsquo;est alors rendu compte qu&rsquo;il n&rsquo;existait pas d&rsquo;instrument de musique accessible aux personnes t\u00e9trapl\u00e9giques et il a commenc\u00e9 \u00e0 d\u00e9velopper l&rsquo;Eyeharp. Zacharias, informaticien et musicien, est le cr\u00e9ateur d&rsquo;EyeHarp. Il l&rsquo;a utilis\u00e9 pour enseigner la musique \u00e0 des personnes handicap\u00e9es, ce qui lui a permis d&rsquo;am\u00e9liorer EyeHarp jour apr\u00e8s jour, en le rendant plus accessible, plus facile \u00e0 utiliser et plus performant. En 2019, Zacharias et les membres de notre \u00e9quipe ont fond\u00e9 l&rsquo;Association EyeHarp. En tant qu&rsquo;organisation \u00e0 but non lucratif, nous pouvons travailler au d\u00e9veloppement d&rsquo;EyeHarp ainsi qu&rsquo;\u00e0 sa mise \u00e0 disposition au co\u00fbt le plus bas possible. Nous pensons que la technologie fonctionnelle devrait \u00eatre accessible \u00e0 tous et que le co\u00fbt ne devrait pas \u00eatre un obstacle pour ceux qui en ont besoin. Pour soutenir EyeHarp, nous vous invitons \u00e0 faire un don \u00e0 notre association.\" \/>\n<meta property=\"og:url\" content=\"https:\/\/eyeharp.org\/fr\/what-is-eyeharp\/\" \/>\n<meta property=\"og:site_name\" content=\"EyeHarp\" \/>\n<meta property=\"article:publisher\" content=\"https:\/\/www.facebook.com\/eyeharp\/\" \/>\n<meta property=\"og:image\" content=\"https:\/\/eyeharp.org\/wp-content\/uploads\/2019\/12\/home-inspirational-creations-tab-about-bg.jpg\" \/>\n<meta name=\"twitter:card\" content=\"summary_large_image\" \/>\n<meta name=\"twitter:site\" content=\"@theeyeharp\" \/>\n<meta name=\"twitter:label1\" content=\"Dur\u00e9e de lecture estim\u00e9e\" \/>\n\t<meta name=\"twitter:data1\" content=\"2 minutes\" \/>\n<script type=\"application\/ld+json\" class=\"yoast-schema-graph\">{\"@context\":\"https:\\\/\\\/schema.org\",\"@graph\":[{\"@type\":\"WebPage\",\"@id\":\"https:\\\/\\\/eyeharp.org\\\/fr\\\/what-is-eyeharp\\\/\",\"url\":\"https:\\\/\\\/eyeharp.org\\\/fr\\\/what-is-eyeharp\\\/\",\"name\":\"Qu'est-ce que EyeHarp - EyeHarp\",\"isPartOf\":{\"@id\":\"https:\\\/\\\/eyeharp.org\\\/#website\"},\"primaryImageOfPage\":{\"@id\":\"https:\\\/\\\/eyeharp.org\\\/fr\\\/what-is-eyeharp\\\/#primaryimage\"},\"image\":{\"@id\":\"https:\\\/\\\/eyeharp.org\\\/fr\\\/what-is-eyeharp\\\/#primaryimage\"},\"thumbnailUrl\":\"https:\\\/\\\/eyeharp.org\\\/wp-content\\\/uploads\\\/2019\\\/12\\\/home-inspirational-creations-tab-about-bg.jpg\",\"datePublished\":\"2023-09-05T15:07:07+00:00\",\"breadcrumb\":{\"@id\":\"https:\\\/\\\/eyeharp.org\\\/fr\\\/what-is-eyeharp\\\/#breadcrumb\"},\"inLanguage\":\"fr-FR\",\"potentialAction\":[{\"@type\":\"ReadAction\",\"target\":[\"https:\\\/\\\/eyeharp.org\\\/fr\\\/what-is-eyeharp\\\/\"]}]},{\"@type\":\"ImageObject\",\"inLanguage\":\"fr-FR\",\"@id\":\"https:\\\/\\\/eyeharp.org\\\/fr\\\/what-is-eyeharp\\\/#primaryimage\",\"url\":\"https:\\\/\\\/eyeharp.org\\\/wp-content\\\/uploads\\\/2019\\\/12\\\/home-inspirational-creations-tab-about-bg.jpg\",\"contentUrl\":\"https:\\\/\\\/eyeharp.org\\\/wp-content\\\/uploads\\\/2019\\\/12\\\/home-inspirational-creations-tab-about-bg.jpg\"},{\"@type\":\"BreadcrumbList\",\"@id\":\"https:\\\/\\\/eyeharp.org\\\/fr\\\/what-is-eyeharp\\\/#breadcrumb\",\"itemListElement\":[{\"@type\":\"ListItem\",\"position\":1,\"name\":\"Home\",\"item\":\"https:\\\/\\\/eyeharp.org\\\/fr\\\/\"},{\"@type\":\"ListItem\",\"position\":2,\"name\":\"Qu&rsquo;est-ce que EyeHarp\"}]},{\"@type\":\"WebSite\",\"@id\":\"https:\\\/\\\/eyeharp.org\\\/#website\",\"url\":\"https:\\\/\\\/eyeharp.org\\\/\",\"name\":\"EyeHarp\",\"description\":\"Music of the eyes\",\"publisher\":{\"@id\":\"https:\\\/\\\/eyeharp.org\\\/#organization\"},\"potentialAction\":[{\"@type\":\"SearchAction\",\"target\":{\"@type\":\"EntryPoint\",\"urlTemplate\":\"https:\\\/\\\/eyeharp.org\\\/?s={search_term_string}\"},\"query-input\":{\"@type\":\"PropertyValueSpecification\",\"valueRequired\":true,\"valueName\":\"search_term_string\"}}],\"inLanguage\":\"fr-FR\"},{\"@type\":\"Organization\",\"@id\":\"https:\\\/\\\/eyeharp.org\\\/#organization\",\"name\":\"EyeHarp\",\"url\":\"https:\\\/\\\/eyeharp.org\\\/\",\"logo\":{\"@type\":\"ImageObject\",\"inLanguage\":\"fr-FR\",\"@id\":\"https:\\\/\\\/eyeharp.org\\\/#\\\/schema\\\/logo\\\/image\\\/\",\"url\":\"https:\\\/\\\/eyeharp.org\\\/wp-content\\\/uploads\\\/2020\\\/04\\\/logo-long.png\",\"contentUrl\":\"https:\\\/\\\/eyeharp.org\\\/wp-content\\\/uploads\\\/2020\\\/04\\\/logo-long.png\",\"width\":400,\"height\":76,\"caption\":\"EyeHarp\"},\"image\":{\"@id\":\"https:\\\/\\\/eyeharp.org\\\/#\\\/schema\\\/logo\\\/image\\\/\"},\"sameAs\":[\"https:\\\/\\\/www.facebook.com\\\/eyeharp\\\/\",\"https:\\\/\\\/x.com\\\/theeyeharp\",\"https:\\\/\\\/www.instagram.com\\\/eyeharp\\\/\",\"https:\\\/\\\/www.youtube.com\\\/channel\\\/UCNp-QT7KwBWpelO5_Z6BDPw\"]}]}<\/script>\n<!-- \/ Yoast SEO plugin. -->","yoast_head_json":{"title":"Qu'est-ce que EyeHarp - EyeHarp","robots":{"index":"index","follow":"follow","max-snippet":"max-snippet:-1","max-image-preview":"max-image-preview:large","max-video-preview":"max-video-preview:-1"},"canonical":"https:\/\/eyeharp.org\/fr\/what-is-eyeharp\/","og_locale":"fr_FR","og_type":"article","og_title":"Qu'est-ce que EyeHarp - EyeHarp","og_description":"A propos de EyeHarp Eyeharp est un projet social dont la mission est d&rsquo;am\u00e9liorer la qualit\u00e9 de vie des personnes handicap\u00e9es gr\u00e2ce \u00e0 la musique. L&rsquo;id\u00e9e de la EyeHarp est n\u00e9e en 2010, lorsqu&rsquo;un ami musicien de Zacharias Vamvakousis a \u00e9t\u00e9 victime d&rsquo;un grave accident de moto et qu&rsquo;il n&rsquo;\u00e9tait pas certain qu&rsquo;il puisse \u00e0 nouveau jouer de la musique. Zachar\u00edas s&rsquo;est alors rendu compte qu&rsquo;il n&rsquo;existait pas d&rsquo;instrument de musique accessible aux personnes t\u00e9trapl\u00e9giques et il a commenc\u00e9 \u00e0 d\u00e9velopper l&rsquo;Eyeharp. Zacharias, informaticien et musicien, est le cr\u00e9ateur d&rsquo;EyeHarp. Il l&rsquo;a utilis\u00e9 pour enseigner la musique \u00e0 des personnes handicap\u00e9es, ce qui lui a permis d&rsquo;am\u00e9liorer EyeHarp jour apr\u00e8s jour, en le rendant plus accessible, plus facile \u00e0 utiliser et plus performant. En 2019, Zacharias et les membres de notre \u00e9quipe ont fond\u00e9 l&rsquo;Association EyeHarp. En tant qu&rsquo;organisation \u00e0 but non lucratif, nous pouvons travailler au d\u00e9veloppement d&rsquo;EyeHarp ainsi qu&rsquo;\u00e0 sa mise \u00e0 disposition au co\u00fbt le plus bas possible. Nous pensons que la technologie fonctionnelle devrait \u00eatre accessible \u00e0 tous et que le co\u00fbt ne devrait pas \u00eatre un obstacle pour ceux qui en ont besoin. Pour soutenir EyeHarp, nous vous invitons \u00e0 faire un don \u00e0 notre association.","og_url":"https:\/\/eyeharp.org\/fr\/what-is-eyeharp\/","og_site_name":"EyeHarp","article_publisher":"https:\/\/www.facebook.com\/eyeharp\/","og_image":[{"url":"https:\/\/eyeharp.org\/wp-content\/uploads\/2019\/12\/home-inspirational-creations-tab-about-bg.jpg","type":"","width":"","height":""}],"twitter_card":"summary_large_image","twitter_site":"@theeyeharp","twitter_misc":{"Dur\u00e9e de lecture estim\u00e9e":"2 minutes"},"schema":{"@context":"https:\/\/schema.org","@graph":[{"@type":"WebPage","@id":"https:\/\/eyeharp.org\/fr\/what-is-eyeharp\/","url":"https:\/\/eyeharp.org\/fr\/what-is-eyeharp\/","name":"Qu'est-ce que EyeHarp - EyeHarp","isPartOf":{"@id":"https:\/\/eyeharp.org\/#website"},"primaryImageOfPage":{"@id":"https:\/\/eyeharp.org\/fr\/what-is-eyeharp\/#primaryimage"},"image":{"@id":"https:\/\/eyeharp.org\/fr\/what-is-eyeharp\/#primaryimage"},"thumbnailUrl":"https:\/\/eyeharp.org\/wp-content\/uploads\/2019\/12\/home-inspirational-creations-tab-about-bg.jpg","datePublished":"2023-09-05T15:07:07+00:00","breadcrumb":{"@id":"https:\/\/eyeharp.org\/fr\/what-is-eyeharp\/#breadcrumb"},"inLanguage":"fr-FR","potentialAction":[{"@type":"ReadAction","target":["https:\/\/eyeharp.org\/fr\/what-is-eyeharp\/"]}]},{"@type":"ImageObject","inLanguage":"fr-FR","@id":"https:\/\/eyeharp.org\/fr\/what-is-eyeharp\/#primaryimage","url":"https:\/\/eyeharp.org\/wp-content\/uploads\/2019\/12\/home-inspirational-creations-tab-about-bg.jpg","contentUrl":"https:\/\/eyeharp.org\/wp-content\/uploads\/2019\/12\/home-inspirational-creations-tab-about-bg.jpg"},{"@type":"BreadcrumbList","@id":"https:\/\/eyeharp.org\/fr\/what-is-eyeharp\/#breadcrumb","itemListElement":[{"@type":"ListItem","position":1,"name":"Home","item":"https:\/\/eyeharp.org\/fr\/"},{"@type":"ListItem","position":2,"name":"Qu&rsquo;est-ce que EyeHarp"}]},{"@type":"WebSite","@id":"https:\/\/eyeharp.org\/#website","url":"https:\/\/eyeharp.org\/","name":"EyeHarp","description":"Music of the eyes","publisher":{"@id":"https:\/\/eyeharp.org\/#organization"},"potentialAction":[{"@type":"SearchAction","target":{"@type":"EntryPoint","urlTemplate":"https:\/\/eyeharp.org\/?s={search_term_string}"},"query-input":{"@type":"PropertyValueSpecification","valueRequired":true,"valueName":"search_term_string"}}],"inLanguage":"fr-FR"},{"@type":"Organization","@id":"https:\/\/eyeharp.org\/#organization","name":"EyeHarp","url":"https:\/\/eyeharp.org\/","logo":{"@type":"ImageObject","inLanguage":"fr-FR","@id":"https:\/\/eyeharp.org\/#\/schema\/logo\/image\/","url":"https:\/\/eyeharp.org\/wp-content\/uploads\/2020\/04\/logo-long.png","contentUrl":"https:\/\/eyeharp.org\/wp-content\/uploads\/2020\/04\/logo-long.png","width":400,"height":76,"caption":"EyeHarp"},"image":{"@id":"https:\/\/eyeharp.org\/#\/schema\/logo\/image\/"},"sameAs":["https:\/\/www.facebook.com\/eyeharp\/","https:\/\/x.com\/theeyeharp","https:\/\/www.instagram.com\/eyeharp\/","https:\/\/www.youtube.com\/channel\/UCNp-QT7KwBWpelO5_Z6BDPw"]}]}},"_links":{"self":[{"href":"https:\/\/eyeharp.org\/fr\/wp-json\/wp\/v2\/pages\/76939","targetHints":{"allow":["GET"]}}],"collection":[{"href":"https:\/\/eyeharp.org\/fr\/wp-json\/wp\/v2\/pages"}],"about":[{"href":"https:\/\/eyeharp.org\/fr\/wp-json\/wp\/v2\/types\/page"}],"author":[{"embeddable":true,"href":"https:\/\/eyeharp.org\/fr\/wp-json\/wp\/v2\/users\/2"}],"replies":[{"embeddable":true,"href":"https:\/\/eyeharp.org\/fr\/wp-json\/wp\/v2\/comments?post=76939"}],"version-history":[{"count":5,"href":"https:\/\/eyeharp.org\/fr\/wp-json\/wp\/v2\/pages\/76939\/revisions"}],"predecessor-version":[{"id":76948,"href":"https:\/\/eyeharp.org\/fr\/wp-json\/wp\/v2\/pages\/76939\/revisions\/76948"}],"wp:attachment":[{"href":"https:\/\/eyeharp.org\/fr\/wp-json\/wp\/v2\/media?parent=76939"}],"curies":[{"name":"wp","href":"https:\/\/api.w.org\/{rel}","templated":true}]}}