{"id":77115,"date":"2023-09-05T15:04:58","date_gmt":"2023-09-05T15:04:58","guid":{"rendered":"https:\/\/eyeharp.org\/?page_id=77115"},"modified":"2025-12-18T13:16:37","modified_gmt":"2025-12-18T13:16:37","slug":"nous-contacter","status":"publish","type":"page","link":"https:\/\/eyeharp.org\/fr\/nous-contacter\/","title":{"rendered":"Nous contacter"},"content":{"rendered":"\t\t<div data-elementor-type=\"wp-page\" data-elementor-id=\"77115\" class=\"elementor elementor-77115 elementor-3054\" data-elementor-post-type=\"page\">\n\t\t\t\t\t\t<section class=\"elementor-section elementor-top-section elementor-element elementor-element-63dfdba elementor-section-stretched elementor-section-boxed elementor-section-gap-beside-yes elementor-section-height-default elementor-section-height-default elementor-section-column-vertical-align-stretch\" data-id=\"63dfdba\" data-element_type=\"section\" data-e-type=\"section\" data-settings=\"{&quot;stretch_section&quot;:&quot;section-stretched&quot;,&quot;background_background&quot;:&quot;gradient&quot;}\">\n\t\t\t\t\t\t\t<div class=\"elementor-background-overlay\"><\/div>\n\t\t\t\t\t\t\t<div class=\"elementor-container elementor-column-gap-extended\">\n\t\t\t\t\t<div class=\"elementor-column elementor-col-100 elementor-top-column elementor-element elementor-element-22d04eb\" data-id=\"22d04eb\" data-element_type=\"column\" data-e-type=\"column\">\n\t\t\t<div class=\"elementor-widget-wrap elementor-element-populated\">\n\t\t\t\t\t\t<section class=\"elementor-section elementor-inner-section elementor-element elementor-element-8bc7794 elementor-section-boxed elementor-section-gap-beside-yes elementor-section-height-default elementor-section-height-default elementor-section-content-align-center elementor-section-column-vertical-align-stretch\" data-id=\"8bc7794\" data-element_type=\"section\" data-e-type=\"section\">\n\t\t\t\t\t\t<div class=\"elementor-container elementor-column-gap-extended\">\n\t\t\t\t\t<div class=\"elementor-column elementor-col-100 elementor-inner-column elementor-element elementor-element-e7cf6a5\" data-id=\"e7cf6a5\" data-element_type=\"column\" data-e-type=\"column\">\n\t\t\t<div class=\"elementor-widget-wrap elementor-element-populated\">\n\t\t\t\t\t\t<div class=\"elementor-element elementor-element-fddbf4f elementor-widget elementor-widget-tm-heading\" data-id=\"fddbf4f\" data-element_type=\"widget\" data-e-type=\"widget\" data-widget_type=\"tm-heading.default\">\n\t\t\t\t<div class=\"elementor-widget-container\">\n\t\t\t\t\t\t\t<div class=\"tm-modern-heading\">\n\t\t\t\n\t\t\t\t\t<div class=\"heading-primary-wrap\">\n\t\t\t<h2 class=\"heading-primary elementor-heading-title\">Nous contacter<\/h2>\t\t<\/div>\n\t\t\n\t\t\t\n\t\t\t\t\t<div class=\"heading-description-wrap\">\n\t\t\t<div class=\"heading-description\">\n\t\t\t\t<p><span style=\"font-weight: 400\">Vous avez des questions? Vous souhaitez essayer EyeHarp? N'h\u00e9sitez pas \u00e0 nous contacter<\/span><\/p>\t\t\t<\/div>\n\t\t<\/div>\n\t\t\t<\/div>\n\t\t\t\t\t\t<\/div>\n\t\t\t\t<\/div>\n\t\t\t\t\t<\/div>\n\t\t<\/div>\n\t\t\t\t\t<\/div>\n\t\t<\/section>\n\t\t\t\t\t<\/div>\n\t\t<\/div>\n\t\t\t\t\t<\/div>\n\t\t<\/section>\n\t\t\t\t<section class=\"elementor-section elementor-top-section elementor-element elementor-element-4231055 elementor-section-boxed elementor-section-gap-beside-yes elementor-section-height-default elementor-section-height-default elementor-section-column-vertical-align-stretch\" data-id=\"4231055\" data-element_type=\"section\" data-e-type=\"section\" data-settings=\"{&quot;background_background&quot;:&quot;classic&quot;}\">\n\t\t\t\t\t\t<div class=\"elementor-container elementor-column-gap-extended\">\n\t\t\t\t\t<div class=\"elementor-column elementor-col-100 elementor-top-column elementor-element elementor-element-68ff808\" data-id=\"68ff808\" data-element_type=\"column\" data-e-type=\"column\">\n\t\t\t<div class=\"elementor-widget-wrap elementor-element-populated\">\n\t\t\t\t\t\t<section class=\"elementor-section elementor-inner-section elementor-element elementor-element-d3ee1e4 elementor-section-gap-beside-no elementor-section-boxed elementor-section-height-default elementor-section-height-default elementor-section-column-vertical-align-stretch\" data-id=\"d3ee1e4\" data-element_type=\"section\" data-e-type=\"section\" data-settings=\"{&quot;background_background&quot;:&quot;classic&quot;}\">\n\t\t\t\t\t\t<div class=\"elementor-container elementor-column-gap-custom\">\n\t\t\t\t\t<div class=\"elementor-column elementor-col-100 elementor-inner-column elementor-element elementor-element-b802dc7\" data-id=\"b802dc7\" data-element_type=\"column\" data-e-type=\"column\">\n\t\t\t<div class=\"elementor-widget-wrap elementor-element-populated\">\n\t\t\t\t\t\t<div class=\"elementor-element elementor-element-1cbd606 elementor-widget elementor-widget-tm-heading\" data-id=\"1cbd606\" data-element_type=\"widget\" data-e-type=\"widget\" data-widget_type=\"tm-heading.default\">\n\t\t\t\t<div class=\"elementor-widget-container\">\n\t\t\t\t\t\t\t<div class=\"tm-modern-heading\">\n\t\t\t\n\t\t\t\t\t<div class=\"heading-primary-wrap\">\n\t\t\t<h2 class=\"heading-primary elementor-heading-title\">Nous contacter<\/h2>\t\t<\/div>\n\t\t\n\t\t\t\n\t\t\t\t\t<div class=\"heading-description-wrap\">\n\t\t\t<div class=\"heading-description\">\n\t\t\t\t<p><span style=\"font-weight: 400\">\u00c9crivez-nous et nous vous r\u00e9pondrons<\/span><\/p>\t\t\t<\/div>\n\t\t<\/div>\n\t\t\t<\/div>\n\t\t\t\t\t\t<\/div>\n\t\t\t\t<\/div>\n\t\t\t\t<div class=\"elementor-element elementor-element-efc06c3 elementor-widget elementor-widget-tm-social-networks\" data-id=\"efc06c3\" data-element_type=\"widget\" data-e-type=\"widget\" data-widget_type=\"tm-social-networks.default\">\n\t\t\t\t<div class=\"elementor-widget-container\">\n\t\t\t\t\t\t\t<div class=\"tm-social-networks style-icons layout-inline\">\n\t\t\t<ul class=\"list\">\t\t\t\t<li class=\"item\">\n\t\t\t\t\t<a class=\"link hint--bounce hint--top-right hint--white\" aria-label=\"Facebook\" href=\"https:\/\/www.facebook.com\/eyeharp\/\" target=\"_blank\" rel=\"nofollow\">\n\t\t\t\t\t\t<i class=\"link-icon fa-brands fa-facebook-square\"><\/i>\t\t\t\t\t<\/a>\n\t\t\t\t<\/li>\n\t\t\t\t\t\t\t\t<li class=\"item\">\n\t\t\t\t\t<a class=\"link hint--bounce hint--top-right hint--white\" aria-label=\"Twitter\" href=\"https:\/\/twitter.com\/theeyeharp\" target=\"_blank\" rel=\"nofollow\">\n\t\t\t\t\t\t<i class=\"link-icon fab fa-twitter\"><\/i>\t\t\t\t\t<\/a>\n\t\t\t\t<\/li>\n\t\t\t\t\t\t\t\t<li class=\"item\">\n\t\t\t\t\t<a class=\"link hint--bounce hint--top-right hint--white\" aria-label=\"Instagram\" href=\"https:\/\/www.instagram.com\/eyeharp\/\" target=\"_blank\" rel=\"nofollow\">\n\t\t\t\t\t\t<i class=\"link-icon fab fa-instagram\"><\/i>\t\t\t\t\t<\/a>\n\t\t\t\t<\/li>\n\t\t\t\t<\/ul>\t\t<\/div>\n\t\t\t\t\t\t<\/div>\n\t\t\t\t<\/div>\n\t\t\t\t<div class=\"elementor-element elementor-element-7a69046 elementor-widget elementor-widget-spacer\" data-id=\"7a69046\" data-element_type=\"widget\" data-e-type=\"widget\" data-widget_type=\"spacer.default\">\n\t\t\t\t<div class=\"elementor-widget-container\">\n\t\t\t\t\t\t\t<div class=\"elementor-spacer\">\n\t\t\t<div class=\"elementor-spacer-inner\"><\/div>\n\t\t<\/div>\n\t\t\t\t\t\t<\/div>\n\t\t\t\t<\/div>\n\t\t\t\t\t<\/div>\n\t\t<\/div>\n\t\t\t\t<div class=\"elementor-column elementor-col-100 elementor-inner-column elementor-element elementor-element-526561c\" data-id=\"526561c\" data-element_type=\"column\" data-e-type=\"column\">\n\t\t\t<div class=\"elementor-widget-wrap elementor-element-populated\">\n\t\t\t\t\t\t<div class=\"elementor-element elementor-element-83967f6 elementor-widget elementor-widget-shortcode\" data-id=\"83967f6\" data-element_type=\"widget\" data-e-type=\"widget\" data-widget_type=\"shortcode.default\">\n\t\t\t\t<div class=\"elementor-widget-container\">\n\t\t\t\t\t\t\t<div class=\"elementor-shortcode\">\n<div class=\"wpcf7 no-js\" id=\"wpcf7-f77124-o1\" lang=\"en-US\" dir=\"ltr\" data-wpcf7-id=\"77124\">\n<div class=\"screen-reader-response\"><p role=\"status\" aria-live=\"polite\" aria-atomic=\"true\"><\/p> <ul><\/ul><\/div>\n<form action=\"\/fr\/wp-json\/wp\/v2\/pages\/77115#wpcf7-f77124-o1\" method=\"post\" class=\"wpcf7-form init\" aria-label=\"Contact form\" novalidate=\"novalidate\" data-status=\"init\">\n<fieldset class=\"hidden-fields-container\"><input type=\"hidden\" name=\"_wpcf7\" value=\"77124\" \/><input type=\"hidden\" name=\"_wpcf7_version\" value=\"6.1.5\" \/><input type=\"hidden\" name=\"_wpcf7_locale\" value=\"en_US\" \/><input type=\"hidden\" name=\"_wpcf7_unit_tag\" value=\"wpcf7-f77124-o1\" \/><input type=\"hidden\" name=\"_wpcf7_container_post\" value=\"0\" \/><input type=\"hidden\" name=\"_wpcf7_posted_data_hash\" value=\"\" \/>\n<\/fieldset>\n<div class=\"elementor-form-fields-wrapper\">\n\t<div class=\"elementor-column elementor-col-50\">\n\t\t<p><span class=\"wpcf7-form-control-wrap\" data-name=\"your-name\"><input size=\"40\" maxlength=\"400\" class=\"wpcf7-form-control wpcf7-text wpcf7-validates-as-required\" aria-required=\"true\" aria-invalid=\"false\" placeholder=\"Nom\" value=\"\" type=\"text\" name=\"your-name\" \/><\/span>\n\t\t<\/p>\n\t<\/div>\n\t<div class=\"elementor-column elementor-col-50\">\n\t\t<p><span class=\"wpcf7-form-control-wrap\" data-name=\"your-email\"><input size=\"40\" maxlength=\"400\" class=\"wpcf7-form-control wpcf7-email wpcf7-validates-as-required wpcf7-text wpcf7-validates-as-email\" autocomplete=\"email\" aria-required=\"true\" aria-invalid=\"false\" placeholder=\"Courriel\" value=\"\" type=\"email\" name=\"your-email\" \/><\/span>\n\t\t<\/p>\n\t<\/div>\n<\/div>\n<div class=\"form-bottom-area\">\n\t<p><span class=\"wpcf7-form-control-wrap\" data-name=\"your-subject\"><input size=\"40\" maxlength=\"400\" class=\"wpcf7-form-control wpcf7-text wpcf7-validates-as-required\" aria-required=\"true\" aria-invalid=\"false\" placeholder=\"Sujet\" value=\"\" type=\"text\" name=\"your-subject\" \/><\/span>\n\t<\/p>\n\t<p><span class=\"wpcf7-form-control-wrap\" data-name=\"your-message\"><textarea cols=\"40\" rows=\"10\" maxlength=\"2000\" class=\"wpcf7-form-control wpcf7-textarea\" aria-invalid=\"false\" placeholder=\"Votre message\" name=\"your-message\"><\/textarea><\/span><br \/>\n<div class=\"cf7-cf-turnstile\" style=\"margin-top: 0px; margin-bottom: -15px;\"> <div id=\"cf-turnstile-cf7-2444416393\" class=\"cf-turnstile\" data-sitekey=\"0x4AAAAAAA1zUkLhMAcDPtZw\" data-theme=\"light\" data-language=\"auto\" data-size=\"normal\" data-retry=\"auto\" data-retry-interval=\"1000\" data-action=\"contact-form-7\" data-appearance=\"always\"><\/div> <script>document.addEventListener(\"DOMContentLoaded\", function() { setTimeout(function(){ var e=document.getElementById(\"cf-turnstile-cf7-2444416393\"); e&&!e.innerHTML.trim()&&(turnstile.remove(\"#cf-turnstile-cf7-2444416393\"), turnstile.render(\"#cf-turnstile-cf7-2444416393\", {sitekey:\"0x4AAAAAAA1zUkLhMAcDPtZw\"})); }, 0); });<\/script> <br class=\"cf-turnstile-br cf-turnstile-br-cf7-2444416393\"> <style>#cf-turnstile-cf7-2444416393 { margin-left: -15px; }<\/style> <script>document.addEventListener(\"DOMContentLoaded\",function(){document.querySelectorAll('.wpcf7-form').forEach(function(e){e.addEventListener('submit',function(){if(document.getElementById('cf-turnstile-cf7-2444416393')){setTimeout(function(){turnstile.reset('#cf-turnstile-cf7-2444416393');},1000)}})})});<\/script> <\/div><br\/><input class=\"wpcf7-form-control wpcf7-submit has-spinner\" type=\"submit\" value=\"Envoyer un message\" \/>\n\t<\/p>\n<\/div><div class=\"wpcf7-response-output\" aria-hidden=\"true\"><\/div>\n<\/form>\n<\/div>\n<\/div>\n\t\t\t\t\t\t<\/div>\n\t\t\t\t<\/div>\n\t\t\t\t\t<\/div>\n\t\t<\/div>\n\t\t\t\t\t<\/div>\n\t\t<\/section>\n\t\t\t\t\t<\/div>\n\t\t<\/div>\n\t\t\t\t\t<\/div>\n\t\t<\/section>\n\t\t\t\t<section class=\"elementor-section elementor-top-section elementor-element elementor-element-c3db6f2 elementor-section-boxed elementor-section-gap-beside-yes elementor-section-height-default elementor-section-height-default elementor-section-column-vertical-align-stretch\" data-id=\"c3db6f2\" data-element_type=\"section\" data-e-type=\"section\">\n\t\t\t\t\t\t<div class=\"elementor-container elementor-column-gap-extended\">\n\t\t\t\t\t<div class=\"elementor-column elementor-col-100 elementor-top-column elementor-element elementor-element-b87b384\" data-id=\"b87b384\" data-element_type=\"column\" data-e-type=\"column\">\n\t\t\t<div class=\"elementor-widget-wrap\">\n\t\t\t\t\t\t\t<\/div>\n\t\t<\/div>\n\t\t\t\t\t<\/div>\n\t\t<\/section>\n\t\t\t\t<\/div>\n\t\t","protected":false},"excerpt":{"rendered":"<p>Nous contacter Vous avez des questions? Vous souhaitez essayer EyeHarp? N&rsquo;h\u00e9sitez pas \u00e0 nous contacter Nous contacter \u00c9crivez-nous et nous vous r\u00e9pondrons \u00a0 \u00a0 \u00a0<\/p>\n","protected":false},"author":2,"featured_media":0,"parent":0,"menu_order":0,"comment_status":"closed","ping_status":"closed","template":"","meta":{"footnotes":""},"class_list":["post-77115","page","type-page","status-publish","hentry","post-no-thumbnail"],"yoast_head":"<!-- This site is optimized with the Yoast SEO plugin v27.3 - https:\/\/yoast.com\/product\/yoast-seo-wordpress\/ -->\n<title>Nous contacter - EyeHarp<\/title>\n<meta name=\"robots\" content=\"index, follow, max-snippet:-1, max-image-preview:large, max-video-preview:-1\" \/>\n<link rel=\"canonical\" href=\"https:\/\/eyeharp.org\/fr\/nous-contacter\/\" \/>\n<meta property=\"og:locale\" content=\"fr_FR\" \/>\n<meta property=\"og:type\" content=\"article\" \/>\n<meta property=\"og:title\" content=\"Nous contacter - EyeHarp\" \/>\n<meta property=\"og:description\" content=\"Nous contacter Vous avez des questions? Vous souhaitez essayer EyeHarp? N&rsquo;h\u00e9sitez pas \u00e0 nous contacter Nous contacter \u00c9crivez-nous et nous vous r\u00e9pondrons \u00a0 \u00a0 \u00a0\" \/>\n<meta property=\"og:url\" content=\"https:\/\/eyeharp.org\/fr\/nous-contacter\/\" \/>\n<meta property=\"og:site_name\" content=\"EyeHarp\" \/>\n<meta property=\"article:publisher\" content=\"https:\/\/www.facebook.com\/eyeharp\/\" \/>\n<meta property=\"article:modified_time\" content=\"2025-12-18T13:16:37+00:00\" \/>\n<meta property=\"og:image\" content=\"https:\/\/eyeharp.org\/wp-content\/uploads\/2020\/11\/Joel-Liceu.jpg\" \/>\n\t<meta property=\"og:image:width\" content=\"1080\" \/>\n\t<meta property=\"og:image:height\" content=\"720\" \/>\n\t<meta property=\"og:image:type\" content=\"image\/jpeg\" \/>\n<meta name=\"twitter:card\" content=\"summary_large_image\" \/>\n<meta name=\"twitter:site\" content=\"@theeyeharp\" \/>\n<meta name=\"twitter:label1\" content=\"Dur\u00e9e de lecture estim\u00e9e\" \/>\n\t<meta name=\"twitter:data1\" content=\"1 minute\" \/>\n<script type=\"application\/ld+json\" class=\"yoast-schema-graph\">{\"@context\":\"https:\\\/\\\/schema.org\",\"@graph\":[{\"@type\":\"WebPage\",\"@id\":\"https:\\\/\\\/eyeharp.org\\\/fr\\\/nous-contacter\\\/\",\"url\":\"https:\\\/\\\/eyeharp.org\\\/fr\\\/nous-contacter\\\/\",\"name\":\"Nous contacter - EyeHarp\",\"isPartOf\":{\"@id\":\"https:\\\/\\\/eyeharp.org\\\/#website\"},\"datePublished\":\"2023-09-05T15:04:58+00:00\",\"dateModified\":\"2025-12-18T13:16:37+00:00\",\"breadcrumb\":{\"@id\":\"https:\\\/\\\/eyeharp.org\\\/fr\\\/nous-contacter\\\/#breadcrumb\"},\"inLanguage\":\"fr-FR\",\"potentialAction\":[{\"@type\":\"ReadAction\",\"target\":[\"https:\\\/\\\/eyeharp.org\\\/fr\\\/nous-contacter\\\/\"]}]},{\"@type\":\"BreadcrumbList\",\"@id\":\"https:\\\/\\\/eyeharp.org\\\/fr\\\/nous-contacter\\\/#breadcrumb\",\"itemListElement\":[{\"@type\":\"ListItem\",\"position\":1,\"name\":\"Home\",\"item\":\"https:\\\/\\\/eyeharp.org\\\/fr\\\/\"},{\"@type\":\"ListItem\",\"position\":2,\"name\":\"Nous contacter\"}]},{\"@type\":\"WebSite\",\"@id\":\"https:\\\/\\\/eyeharp.org\\\/#website\",\"url\":\"https:\\\/\\\/eyeharp.org\\\/\",\"name\":\"EyeHarp\",\"description\":\"Music of the eyes\",\"publisher\":{\"@id\":\"https:\\\/\\\/eyeharp.org\\\/#organization\"},\"potentialAction\":[{\"@type\":\"SearchAction\",\"target\":{\"@type\":\"EntryPoint\",\"urlTemplate\":\"https:\\\/\\\/eyeharp.org\\\/?s={search_term_string}\"},\"query-input\":{\"@type\":\"PropertyValueSpecification\",\"valueRequired\":true,\"valueName\":\"search_term_string\"}}],\"inLanguage\":\"fr-FR\"},{\"@type\":\"Organization\",\"@id\":\"https:\\\/\\\/eyeharp.org\\\/#organization\",\"name\":\"EyeHarp\",\"url\":\"https:\\\/\\\/eyeharp.org\\\/\",\"logo\":{\"@type\":\"ImageObject\",\"inLanguage\":\"fr-FR\",\"@id\":\"https:\\\/\\\/eyeharp.org\\\/#\\\/schema\\\/logo\\\/image\\\/\",\"url\":\"https:\\\/\\\/eyeharp.org\\\/wp-content\\\/uploads\\\/2020\\\/04\\\/logo-long.png\",\"contentUrl\":\"https:\\\/\\\/eyeharp.org\\\/wp-content\\\/uploads\\\/2020\\\/04\\\/logo-long.png\",\"width\":400,\"height\":76,\"caption\":\"EyeHarp\"},\"image\":{\"@id\":\"https:\\\/\\\/eyeharp.org\\\/#\\\/schema\\\/logo\\\/image\\\/\"},\"sameAs\":[\"https:\\\/\\\/www.facebook.com\\\/eyeharp\\\/\",\"https:\\\/\\\/x.com\\\/theeyeharp\",\"https:\\\/\\\/www.instagram.com\\\/eyeharp\\\/\",\"https:\\\/\\\/www.youtube.com\\\/channel\\\/UCNp-QT7KwBWpelO5_Z6BDPw\"]}]}<\/script>\n<!-- \/ Yoast SEO plugin. -->","yoast_head_json":{"title":"Nous contacter - EyeHarp","robots":{"index":"index","follow":"follow","max-snippet":"max-snippet:-1","max-image-preview":"max-image-preview:large","max-video-preview":"max-video-preview:-1"},"canonical":"https:\/\/eyeharp.org\/fr\/nous-contacter\/","og_locale":"fr_FR","og_type":"article","og_title":"Nous contacter - EyeHarp","og_description":"Nous contacter Vous avez des questions? Vous souhaitez essayer EyeHarp? N&rsquo;h\u00e9sitez pas \u00e0 nous contacter Nous contacter \u00c9crivez-nous et nous vous r\u00e9pondrons \u00a0 \u00a0 \u00a0","og_url":"https:\/\/eyeharp.org\/fr\/nous-contacter\/","og_site_name":"EyeHarp","article_publisher":"https:\/\/www.facebook.com\/eyeharp\/","article_modified_time":"2025-12-18T13:16:37+00:00","og_image":[{"width":1080,"height":720,"url":"https:\/\/eyeharp.org\/wp-content\/uploads\/2020\/11\/Joel-Liceu.jpg","type":"image\/jpeg"}],"twitter_card":"summary_large_image","twitter_site":"@theeyeharp","twitter_misc":{"Dur\u00e9e de lecture estim\u00e9e":"1 minute"},"schema":{"@context":"https:\/\/schema.org","@graph":[{"@type":"WebPage","@id":"https:\/\/eyeharp.org\/fr\/nous-contacter\/","url":"https:\/\/eyeharp.org\/fr\/nous-contacter\/","name":"Nous contacter - EyeHarp","isPartOf":{"@id":"https:\/\/eyeharp.org\/#website"},"datePublished":"2023-09-05T15:04:58+00:00","dateModified":"2025-12-18T13:16:37+00:00","breadcrumb":{"@id":"https:\/\/eyeharp.org\/fr\/nous-contacter\/#breadcrumb"},"inLanguage":"fr-FR","potentialAction":[{"@type":"ReadAction","target":["https:\/\/eyeharp.org\/fr\/nous-contacter\/"]}]},{"@type":"BreadcrumbList","@id":"https:\/\/eyeharp.org\/fr\/nous-contacter\/#breadcrumb","itemListElement":[{"@type":"ListItem","position":1,"name":"Home","item":"https:\/\/eyeharp.org\/fr\/"},{"@type":"ListItem","position":2,"name":"Nous contacter"}]},{"@type":"WebSite","@id":"https:\/\/eyeharp.org\/#website","url":"https:\/\/eyeharp.org\/","name":"EyeHarp","description":"Music of the eyes","publisher":{"@id":"https:\/\/eyeharp.org\/#organization"},"potentialAction":[{"@type":"SearchAction","target":{"@type":"EntryPoint","urlTemplate":"https:\/\/eyeharp.org\/?s={search_term_string}"},"query-input":{"@type":"PropertyValueSpecification","valueRequired":true,"valueName":"search_term_string"}}],"inLanguage":"fr-FR"},{"@type":"Organization","@id":"https:\/\/eyeharp.org\/#organization","name":"EyeHarp","url":"https:\/\/eyeharp.org\/","logo":{"@type":"ImageObject","inLanguage":"fr-FR","@id":"https:\/\/eyeharp.org\/#\/schema\/logo\/image\/","url":"https:\/\/eyeharp.org\/wp-content\/uploads\/2020\/04\/logo-long.png","contentUrl":"https:\/\/eyeharp.org\/wp-content\/uploads\/2020\/04\/logo-long.png","width":400,"height":76,"caption":"EyeHarp"},"image":{"@id":"https:\/\/eyeharp.org\/#\/schema\/logo\/image\/"},"sameAs":["https:\/\/www.facebook.com\/eyeharp\/","https:\/\/x.com\/theeyeharp","https:\/\/www.instagram.com\/eyeharp\/","https:\/\/www.youtube.com\/channel\/UCNp-QT7KwBWpelO5_Z6BDPw"]}]}},"_links":{"self":[{"href":"https:\/\/eyeharp.org\/fr\/wp-json\/wp\/v2\/pages\/77115","targetHints":{"allow":["GET"]}}],"collection":[{"href":"https:\/\/eyeharp.org\/fr\/wp-json\/wp\/v2\/pages"}],"about":[{"href":"https:\/\/eyeharp.org\/fr\/wp-json\/wp\/v2\/types\/page"}],"author":[{"embeddable":true,"href":"https:\/\/eyeharp.org\/fr\/wp-json\/wp\/v2\/users\/2"}],"replies":[{"embeddable":true,"href":"https:\/\/eyeharp.org\/fr\/wp-json\/wp\/v2\/comments?post=77115"}],"version-history":[{"count":17,"href":"https:\/\/eyeharp.org\/fr\/wp-json\/wp\/v2\/pages\/77115\/revisions"}],"predecessor-version":[{"id":78635,"href":"https:\/\/eyeharp.org\/fr\/wp-json\/wp\/v2\/pages\/77115\/revisions\/78635"}],"wp:attachment":[{"href":"https:\/\/eyeharp.org\/fr\/wp-json\/wp\/v2\/media?parent=77115"}],"curies":[{"name":"wp","href":"https:\/\/api.w.org\/{rel}","templated":true}]}}